{"id":615,"date":"2025-06-13T00:22:30","date_gmt":"2025-06-13T00:22:30","guid":{"rendered":"https:\/\/shienstonedesign.com\/?post_type=product&#038;p=615"},"modified":"2025-06-18T09:03:15","modified_gmt":"2025-06-18T09:03:15","slug":"logging-monument","status":"publish","type":"product","link":"https:\/\/shienstonedesign.com\/fr\/product\/logging-monument\/","title":{"rendered":"Monument de l&#039;exploitation foresti\u00e8re"},"content":{"rendered":"<h3 class=\"header-OdWb_u auto-hide-last-sibling-br\">Sc\u00e9narios d&#039;application de base<\/h3>\n<ul>\n<li style=\"list-style-type: none;\">\n<ul class=\"auto-hide-last-sibling-br\">\n<li><strong>Cimeti\u00e8re \u00e9cologique\/zone de m\u00e9moire rurale :<\/strong> int\u00e9grer l\u2019\u00e9cologie naturelle ou les cimeti\u00e8res \u00e0 th\u00e8me rural (tels que les vall\u00e9es comm\u00e9moratives pastorales), coexister harmonieusement avec l\u2019environnement et renforcer l\u2019atmosph\u00e8re m\u00e9morielle de \u00ab l\u2019int\u00e9gration de la nature et de la vie \u00bb ;<\/li>\n<li><strong>Comm\u00e9moration familiale personnalis\u00e9e :<\/strong> Pour les familles qui ch\u00e9rissent les d\u00e9tails de la vie et recherchent une expression \u00e9motionnelle unique, nous fournissons des \u00ab conteneurs de m\u00e9moire exclusifs \u00bb pour permettre \u00e0 la forme naturelle de se fondre profond\u00e9ment dans les histoires de vie, devenant un t\u00e9moin physique des \u00ab \u00e9motions profondes des jours ordinaires \u00bb.<\/li>\n<\/ul>\n<\/li>\n<\/ul>","protected":false},"excerpt":{"rendered":"<ul>\n<li><strong>Pierre et forme :<\/strong> Le granit gris (duret\u00e9 Mohs 6-7) a \u00e9t\u00e9 s\u00e9lectionn\u00e9. Solide et durable, il convient parfaitement \u00e0 un stockage ext\u00e9rieur de longue dur\u00e9e. La d\u00e9coupe CNC a permis de fa\u00e7onner la pierre brute naturelle irr\u00e9guli\u00e8re, pr\u00e9servant ainsi sa texture et ses contours naturels. La surface et les bords sont polis \u00e0 la main pour att\u00e9nuer leur asp\u00e9rit\u00e9. L&#039;effet visuel est simple et proche de la nature, et la note comm\u00e9morative \u00e9voque \u00ab\u00a0l&#039;origine et le retour \u00e0 la nature\u00a0\u00bb.<\/li>\n<\/ul>\n<p>&nbsp;<\/p>\n<ul>\n<li>\n<h3 class=\"header-OdWb_u auto-hide-last-sibling-br\">Sculpture et d\u00e9coration<\/h3>\n<ul class=\"auto-hide-last-sibling-br\">\n<li><strong>Traitement de texte :<\/strong> Le texte comm\u00e9moratif adopte la technologie de gravure en ligne (profondeur 1-2 mm), la police est claire et r\u00e9guli\u00e8re, et elle se marie avec le style simple de la pierre, transmettant le sentiment pur d&#039;une \u00ab expression \u00e9motionnelle atteignant directement le c\u0153ur \u00bb ;<\/li>\n<li><strong>Pr\u00e9sentation du mod\u00e8le :<\/strong> La sc\u00e8ne pastorale du bas est parsem\u00e9e de sculptures d&#039;ombres (densit\u00e9 150 points\/cm\u00b2) combin\u00e9es \u00e0 une gravure au trait, qui restaure d\u00e9licatement le tracteur, les moutons et le d\u00e9cor pastoral, et utilise des sc\u00e8nes de vie pour renforcer les associations de m\u00e9moire personnalis\u00e9es ;<\/li>\n<li><strong>Traitement protecteur :<\/strong> La surface enti\u00e8re est prot\u00e9g\u00e9e par la p\u00e9n\u00e9tration d&#039;un agent protecteur \u00e0 base de silicone pour r\u00e9sister aux intemp\u00e9ries et \u00e0 l&#039;\u00e9rosion des taches, garantissant ainsi la clart\u00e9 \u00e0 long terme du texte et des motifs et la pr\u00e9servation durable de la signification comm\u00e9morative.<\/li>\n<\/ul>\n<\/li>\n<\/ul>","protected":false},"featured_media":617,"comment_status":"open","ping_status":"closed","template":"","meta":[],"product_brand":[],"product_cat":[26],"product_tag":[],"class_list":{"0":"post-615","1":"product","2":"type-product","3":"status-publish","4":"has-post-thumbnail","6":"product_cat-grid-series","8":"first","9":"instock","10":"shipping-taxable","11":"product-type-simple"},"_links":{"self":[{"href":"https:\/\/shienstonedesign.com\/fr\/wp-json\/wp\/v2\/product\/615","targetHints":{"allow":["GET"]}}],"collection":[{"href":"https:\/\/shienstonedesign.com\/fr\/wp-json\/wp\/v2\/product"}],"about":[{"href":"https:\/\/shienstonedesign.com\/fr\/wp-json\/wp\/v2\/types\/product"}],"replies":[{"embeddable":true,"href":"https:\/\/shienstonedesign.com\/fr\/wp-json\/wp\/v2\/comments?post=615"}],"wp:featuredmedia":[{"embeddable":true,"href":"https:\/\/shienstonedesign.com\/fr\/wp-json\/wp\/v2\/media\/617"}],"wp:attachment":[{"href":"https:\/\/shienstonedesign.com\/fr\/wp-json\/wp\/v2\/media?parent=615"}],"wp:term":[{"taxonomy":"product_brand","embeddable":true,"href":"https:\/\/shienstonedesign.com\/fr\/wp-json\/wp\/v2\/product_brand?post=615"},{"taxonomy":"product_cat","embeddable":true,"href":"https:\/\/shienstonedesign.com\/fr\/wp-json\/wp\/v2\/product_cat?post=615"},{"taxonomy":"product_tag","embeddable":true,"href":"https:\/\/shienstonedesign.com\/fr\/wp-json\/wp\/v2\/product_tag?post=615"}],"curies":[{"name":"wp","href":"https:\/\/api.w.org\/{rel}","templated":true}]}}