{"id":601,"date":"2025-06-12T09:55:00","date_gmt":"2025-06-12T09:55:00","guid":{"rendered":"https:\/\/shienstonedesign.com\/?post_type=product&#038;p=601"},"modified":"2025-06-18T07:20:29","modified_gmt":"2025-06-18T07:20:29","slug":"ordinary-monument","status":"publish","type":"product","link":"https:\/\/shienstonedesign.com\/fr\/product\/ordinary-monument\/","title":{"rendered":"Monument ordinaire"},"content":{"rendered":"<h3 class=\"header-OdWb_u auto-hide-last-sibling-br\">Sc\u00e9narios d&#039;application de base<\/h3>\n<ul>\n<li style=\"list-style-type: none;\">\n<ul class=\"auto-hide-last-sibling-br\">\n<li><strong>Cimeti\u00e8re public :<\/strong> En tant qu&#039;\u0153uvre typique de \u00ab d\u00e9monstration de forme de base \u00bb, elle est int\u00e9gr\u00e9e dans les parcs comm\u00e9moratifs conventionnels (tels que le Jardin de la Paix) pour r\u00e9pondre aux besoins comm\u00e9moratifs publics \u00ab simples, pratiques et centr\u00e9s sur l&#039;\u00e9motion \u00bb ;<\/li>\n<li><strong>Espace comm\u00e9moratif familial :<\/strong> Fournit un \u00ab contenant \u00e9motionnel exclusif \u00bb pour les familles \u00e0 la recherche d&#039;un \u00ab m\u00e9morial simple + essence \u00e9motionnelle \u00bb, permettant \u00e0 la puret\u00e9 de la forme simple de se fondre profond\u00e9ment avec l&#039;authenticit\u00e9 des souvenirs familiaux, devenant un symbole physique de \u00ab l&#039;ordinaire et de l&#039;affectueux \u00bb.<\/li>\n<\/ul>\n<\/li>\n<\/ul>","protected":false},"excerpt":{"rendered":"<ul>\n<li><strong>Pierre et forme :<\/strong> Le granit gris (duret\u00e9 Mohs 6-7) a \u00e9t\u00e9 s\u00e9lectionn\u00e9, et sa structure min\u00e9rale stable conf\u00e8re au monument une durabilit\u00e9 \u00e0 long terme. La forme simple \u00ab monument principal + socle \u00bb est r\u00e9alis\u00e9e par d\u00e9coupe CNC, et les bords sont polis \u00e0 la main (chanfrein R2-3 mm) pour att\u00e9nuer les asp\u00e9rit\u00e9s et cr\u00e9er des lignes douces, convenant \u00e0 une grande vari\u00e9t\u00e9 de sc\u00e8nes comm\u00e9moratives et cr\u00e9ant une atmosph\u00e8re visuelle \u00e0 la fois simple et solennelle.<\/li>\n<\/ul>\n<p>&nbsp;<\/p>\n<ul>\n<li>\n<h3 class=\"header-OdWb_u auto-hide-last-sibling-br\">Sculpture et d\u00e9coration<\/h3>\n<ul class=\"auto-hide-last-sibling-br\">\n<li><strong>Traitement des inscriptions :<\/strong> Les informations principales telles que le nom, les ann\u00e9es de naissance et de d\u00e9c\u00e8s sont grav\u00e9es \u00e0 l&#039;aide de la technologie de gravure en ligne (profondeur de 1 \u00e0 2 mm), et la police est s\u00e9lectionn\u00e9e dans le style Serif classique pour garantir la clart\u00e9, la lisibilit\u00e9 et la texture intemporelle\u00a0;<\/li>\n<li><strong>D\u00e9coration du motif :<\/strong> Le motif du paysage en bas est pr\u00e9sent\u00e9 avec des points sculpt\u00e9s dans l&#039;ombre (densit\u00e9 150 points\/cm\u00b2), utilisant des niveaux de gris d\u00e9licats pour restaurer la conception artistique naturelle et renforcer la m\u00e9taphore de la \u00ab symbiose entre la vie et la nature \u00bb ;<\/li>\n<li><strong>Protection de surface :<\/strong> Toute la surface est trait\u00e9e avec un agent protecteur \u00e0 base de silicone pour r\u00e9sister aux intemp\u00e9ries ext\u00e9rieures et \u00e0 l&#039;\u00e9rosion par l&#039;eau, garantissant que le texte et les motifs restent clairs pendant longtemps.<\/li>\n<\/ul>\n<\/li>\n<\/ul>","protected":false},"featured_media":603,"comment_status":"open","ping_status":"closed","template":"","meta":[],"product_brand":[],"product_cat":[28],"product_tag":[],"class_list":{"0":"post-601","1":"product","2":"type-product","3":"status-publish","4":"has-post-thumbnail","6":"product_cat-sandblasting-series","8":"first","9":"instock","10":"shipping-taxable","11":"product-type-simple"},"_links":{"self":[{"href":"https:\/\/shienstonedesign.com\/fr\/wp-json\/wp\/v2\/product\/601","targetHints":{"allow":["GET"]}}],"collection":[{"href":"https:\/\/shienstonedesign.com\/fr\/wp-json\/wp\/v2\/product"}],"about":[{"href":"https:\/\/shienstonedesign.com\/fr\/wp-json\/wp\/v2\/types\/product"}],"replies":[{"embeddable":true,"href":"https:\/\/shienstonedesign.com\/fr\/wp-json\/wp\/v2\/comments?post=601"}],"wp:featuredmedia":[{"embeddable":true,"href":"https:\/\/shienstonedesign.com\/fr\/wp-json\/wp\/v2\/media\/603"}],"wp:attachment":[{"href":"https:\/\/shienstonedesign.com\/fr\/wp-json\/wp\/v2\/media?parent=601"}],"wp:term":[{"taxonomy":"product_brand","embeddable":true,"href":"https:\/\/shienstonedesign.com\/fr\/wp-json\/wp\/v2\/product_brand?post=601"},{"taxonomy":"product_cat","embeddable":true,"href":"https:\/\/shienstonedesign.com\/fr\/wp-json\/wp\/v2\/product_cat?post=601"},{"taxonomy":"product_tag","embeddable":true,"href":"https:\/\/shienstonedesign.com\/fr\/wp-json\/wp\/v2\/product_tag?post=601"}],"curies":[{"name":"wp","href":"https:\/\/api.w.org\/{rel}","templated":true}]}}