{"id":589,"date":"2025-06-12T09:49:55","date_gmt":"2025-06-12T09:49:55","guid":{"rendered":"https:\/\/shienstonedesign.com\/?post_type=product&#038;p=589"},"modified":"2025-06-18T07:20:17","modified_gmt":"2025-06-18T07:20:17","slug":"monument-of-the-mounted-monument","status":"publish","type":"product","link":"https:\/\/shienstonedesign.com\/fr\/product\/monument-of-the-mounted-monument\/","title":{"rendered":"Monument du Monument Mont\u00e9"},"content":{"rendered":"<h3 class=\"header-OdWb_u auto-hide-last-sibling-br\">Sc\u00e9narios d&#039;application de base<\/h3>\n<ul>\n<li style=\"list-style-type: none;\">\n<ul class=\"auto-hide-last-sibling-br\">\n<li><strong>Cimeti\u00e8re traditionnel :<\/strong> En tant qu&#039;\u0153uvre typique de \u00ab d\u00e9monstration de pierre tombale classique \u00bb, elle est int\u00e9gr\u00e9e dans le parc comm\u00e9moratif traditionnel (comme le jardin Changqing) pour renforcer la double atmosph\u00e8re de \u00ab sens rituel comm\u00e9moratif et d&#039;h\u00e9ritage de forme \u00bb ;<\/li>\n<li><strong>Cimeti\u00e8re familial :<\/strong> Offrir un \u00ab contenant \u00e9motionnel exclusif \u00bb aux familles qui recherchent une \u00ab c\u00e9r\u00e9monie comm\u00e9morative classique + la continuation de l&#039;h\u00e9ritage familial \u00bb, permettant \u00e0 la nature classique du format de la pierre tombale et \u00e0 la continuit\u00e9 de la comm\u00e9moration familiale d&#039;\u00eatre profond\u00e9ment int\u00e9gr\u00e9es, devenant un symbole physique du \u00ab lien d&#039;h\u00e9ritage \u00bb.<\/li>\n<\/ul>\n<\/li>\n<\/ul>","protected":false},"excerpt":{"rendered":"<ul>\n<li><strong>Pierre et forme :<\/strong> Le granit gris (primaire) et le granit noir (secondaire) ont \u00e9t\u00e9 s\u00e9lectionn\u00e9s pour \u00e9voquer le monument classique gr\u00e2ce \u00e0 la texture apaisante de la pierre. L&#039;ensemble traditionnel \u00ab\u00a0chapeau, corps et base\u00a0\u00bb est fa\u00e7onn\u00e9 par d\u00e9coupe CNC, et les bords de chaque \u00e9l\u00e9ment sont polis \u00e0 la main (chanfrein R2 \u2013 3\u00a0mm) pour assurer une connexion naturelle, cr\u00e9er une atmosph\u00e8re comm\u00e9morative solennelle et ordonn\u00e9e et h\u00e9riter de l&#039;esth\u00e9tique des monuments classiques.<\/li>\n<\/ul>\n<p>&nbsp;<\/p>\n<ul>\n<li>\n<h3 class=\"header-OdWb_u auto-hide-last-sibling-br\">Traitement de surface<\/h3>\n<ul class=\"auto-hide-last-sibling-br\">\n<li>Le granit gris est poli mat pour pr\u00e9senter une fine texture givr\u00e9e, transmettant une \u00ab sensation de lourdeur d&#039;ann\u00e9es d&#039;accumulation \u00bb ;<\/li>\n<li>Le granit noir est poli miroir et nano-\u00e9maill\u00e9 pour cr\u00e9er un fort contraste visuel, renfor\u00e7ant \u00ab l&#039;accent mis sur le noyau comm\u00e9moratif \u00bb ;<\/li>\n<li>L&#039;ensemble de la structure est trait\u00e9 avec un agent protecteur p\u00e9n\u00e9trant pour r\u00e9sister \u00e0 l&#039;\u00e9rosion environnementale et assurer la stabilit\u00e9 \u00e0 long terme de la forme classique et de la texture originale.<\/li>\n<\/ul>\n<\/li>\n<\/ul>","protected":false},"featured_media":590,"comment_status":"open","ping_status":"closed","template":"","meta":[],"product_brand":[],"product_cat":[28],"product_tag":[],"class_list":{"0":"post-589","1":"product","2":"type-product","3":"status-publish","4":"has-post-thumbnail","6":"product_cat-sandblasting-series","8":"first","9":"instock","10":"shipping-taxable","11":"product-type-simple"},"_links":{"self":[{"href":"https:\/\/shienstonedesign.com\/fr\/wp-json\/wp\/v2\/product\/589","targetHints":{"allow":["GET"]}}],"collection":[{"href":"https:\/\/shienstonedesign.com\/fr\/wp-json\/wp\/v2\/product"}],"about":[{"href":"https:\/\/shienstonedesign.com\/fr\/wp-json\/wp\/v2\/types\/product"}],"replies":[{"embeddable":true,"href":"https:\/\/shienstonedesign.com\/fr\/wp-json\/wp\/v2\/comments?post=589"}],"wp:featuredmedia":[{"embeddable":true,"href":"https:\/\/shienstonedesign.com\/fr\/wp-json\/wp\/v2\/media\/590"}],"wp:attachment":[{"href":"https:\/\/shienstonedesign.com\/fr\/wp-json\/wp\/v2\/media?parent=589"}],"wp:term":[{"taxonomy":"product_brand","embeddable":true,"href":"https:\/\/shienstonedesign.com\/fr\/wp-json\/wp\/v2\/product_brand?post=589"},{"taxonomy":"product_cat","embeddable":true,"href":"https:\/\/shienstonedesign.com\/fr\/wp-json\/wp\/v2\/product_cat?post=589"},{"taxonomy":"product_tag","embeddable":true,"href":"https:\/\/shienstonedesign.com\/fr\/wp-json\/wp\/v2\/product_tag?post=589"}],"curies":[{"name":"wp","href":"https:\/\/api.w.org\/{rel}","templated":true}]}}