{"id":579,"date":"2025-06-12T09:41:59","date_gmt":"2025-06-12T09:41:59","guid":{"rendered":"https:\/\/shienstonedesign.com\/?post_type=product&#038;p=579"},"modified":"2025-06-18T07:20:03","modified_gmt":"2025-06-18T07:20:03","slug":"shadow-carving","status":"publish","type":"product","link":"https:\/\/shienstonedesign.com\/fr\/product\/shadow-carving\/","title":{"rendered":"Sculpture d&#039;ombre"},"content":{"rendered":"<h3 class=\"header-OdWb_u auto-hide-last-sibling-br\">Sc\u00e9narios d&#039;application de base<\/h3>\n<ul>\n<li style=\"list-style-type: none;\">\n<ul class=\"auto-hide-last-sibling-br\">\n<li><strong>Jardin comm\u00e9moratif personnalis\u00e9 :<\/strong> En tant qu&#039;\u0153uvre typique de \u00ab d\u00e9monstration artisanale de sculpture d&#039;ombres \u00bb, elle est int\u00e9gr\u00e9e au cimeti\u00e8re personnalis\u00e9 (comme le Story Memorial Valley) pour renforcer la double atmosph\u00e8re de \u00ab r\u00e9cit de m\u00e9moire et d&#039;exposition artisanale \u00bb ;<\/li>\n<li><strong>Zone comm\u00e9morative de la vie naturelle :<\/strong> Fournit un \u00ab contenant \u00e9motionnel exclusif \u00bb pour les familles qui recherchent la \u00ab restauration de sc\u00e8nes de vie + philosophie de vie naturelle \u00bb, permettant au r\u00e9cit d\u00e9licat de la sculpture d&#039;ombre et \u00e0 la forme naturelle de la pierre d&#039;origine de se fondre profond\u00e9ment, devenant un symbole physique de \u00ab l&#039;histoire de la vie \u00bb.<\/li>\n<\/ul>\n<\/li>\n<\/ul>","protected":false},"excerpt":{"rendered":"<ul>\n<li><strong>Base de sculpture en pierre et ombre :<\/strong> Le granit gris fonc\u00e9 (duret\u00e9 Mohs 6-7) a \u00e9t\u00e9 s\u00e9lectionn\u00e9. Sa structure min\u00e9rale uniforme et fine offre une toile id\u00e9ale pour la sculpture d&#039;ombres. Apr\u00e8s la d\u00e9coupe CNC pour fa\u00e7onner la pierre naturelle d&#039;origine, des outils diamant\u00e9s sont utilis\u00e9s comme des stylos pour contr\u00f4ler les nuances de gris par la densit\u00e9 des points \u00e0 la surface de la pierre\u00a0: des points denses cr\u00e9ent des ombres sombres, des points clairsem\u00e9s pr\u00e9sentent des couches de couleurs claires, et cr\u00e9ent une image d\u00e9licate et photographique, posant les bases de l&#039;ombre et de la lumi\u00e8re pour un r\u00e9cit vivant.<\/li>\n<\/ul>\n<p>&nbsp;<\/p>\n<ul>\n<li>\n<h3 class=\"header-OdWb_u auto-hide-last-sibling-br\">Pr\u00e9sentation du processus composite<\/h3>\n<ul class=\"auto-hide-last-sibling-br\">\n<li><strong>Sculpture d&#039;ombre + forme de pierre originale :<\/strong> le contour naturel de la pierre (comme les bords irr\u00e9guliers et les textures naturelles) est conserv\u00e9, et l&#039;image sculpt\u00e9e en ombre (personnes \u00e0 cheval, maisons en bois) y est int\u00e9gr\u00e9e pour r\u00e9aliser l&#039;int\u00e9gration de la \u00ab pierre naturelle originale et du r\u00e9cit humaniste \u00bb et renforcer la m\u00e9taphore de \u00ab la vie vient de la nature et retourne \u00e0 la nature \u00bb ;<\/li>\n<li><strong>Sculpture d&#039;ombre + symboles tridimensionnels :<\/strong> les \u00e9l\u00e9ments cl\u00e9s (tels que les bottes de cow-boy) sont sculpt\u00e9s en ronde-bosse (hauteur saillante de 3 \u00e0 5 cm), formant un dialogue spatial \u00ab tridimensionnel et bidimensionnel \u00bb avec le plan de sculpture de l&#039;ombre, transmettant un \u00ab sens de m\u00e9moire multicouche multidimensionnel \u00bb ;<\/li>\n<li><strong>Protection de surface :<\/strong> Toute la surface est trait\u00e9e avec un agent protecteur p\u00e9n\u00e9trant pour pr\u00e9server la texture d\u00e9licate de la sculpture d&#039;ombre tout en r\u00e9sistant \u00e0 l&#039;\u00e9rosion environnementale, garantissant que le \u00ab r\u00e9cit de lumi\u00e8re et d&#039;ombre \u00bb reste clair sur une longue p\u00e9riode de temps.<\/li>\n<\/ul>\n<\/li>\n<\/ul>","protected":false},"featured_media":580,"comment_status":"open","ping_status":"closed","template":"","meta":[],"product_brand":[],"product_cat":[27],"product_tag":[],"class_list":{"0":"post-579","1":"product","2":"type-product","3":"status-publish","4":"has-post-thumbnail","6":"product_cat-simple-series","8":"first","9":"instock","10":"shipping-taxable","11":"product-type-simple"},"_links":{"self":[{"href":"https:\/\/shienstonedesign.com\/fr\/wp-json\/wp\/v2\/product\/579","targetHints":{"allow":["GET"]}}],"collection":[{"href":"https:\/\/shienstonedesign.com\/fr\/wp-json\/wp\/v2\/product"}],"about":[{"href":"https:\/\/shienstonedesign.com\/fr\/wp-json\/wp\/v2\/types\/product"}],"replies":[{"embeddable":true,"href":"https:\/\/shienstonedesign.com\/fr\/wp-json\/wp\/v2\/comments?post=579"}],"wp:featuredmedia":[{"embeddable":true,"href":"https:\/\/shienstonedesign.com\/fr\/wp-json\/wp\/v2\/media\/580"}],"wp:attachment":[{"href":"https:\/\/shienstonedesign.com\/fr\/wp-json\/wp\/v2\/media?parent=579"}],"wp:term":[{"taxonomy":"product_brand","embeddable":true,"href":"https:\/\/shienstonedesign.com\/fr\/wp-json\/wp\/v2\/product_brand?post=579"},{"taxonomy":"product_cat","embeddable":true,"href":"https:\/\/shienstonedesign.com\/fr\/wp-json\/wp\/v2\/product_cat?post=579"},{"taxonomy":"product_tag","embeddable":true,"href":"https:\/\/shienstonedesign.com\/fr\/wp-json\/wp\/v2\/product_tag?post=579"}],"curies":[{"name":"wp","href":"https:\/\/api.w.org\/{rel}","templated":true}]}}