{"id":563,"date":"2025-06-12T09:36:24","date_gmt":"2025-06-12T09:36:24","guid":{"rendered":"https:\/\/shienstonedesign.com\/?post_type=product&#038;p=563"},"modified":"2025-06-18T07:19:51","modified_gmt":"2025-06-18T07:19:51","slug":"sandblasting","status":"publish","type":"product","link":"https:\/\/shienstonedesign.com\/fr\/product\/sandblasting\/","title":{"rendered":"Sablage"},"content":{"rendered":"<h3 class=\"header-OdWb_u auto-hide-last-sibling-br\">Sc\u00e9narios d&#039;application de base<\/h3>\n<ul>\n<li style=\"list-style-type: none;\">\n<ul class=\"auto-hide-last-sibling-br\">\n<li><strong>Jardin comm\u00e9moratif familial :<\/strong> En tant qu\u2019\u0153uvre typique de \u00ab d\u00e9monstration artisanale \u00bb, elle est int\u00e9gr\u00e9e au cimeti\u00e8re familial (comme le Heritage Memorial Garden) pour renforcer la double atmosph\u00e8re d\u2019\u00ab h\u00e9ritage artisanal et d\u2019h\u00e9ritage \u00e9motionnel \u00bb ;<\/li>\n<li><strong>Espace comm\u00e9moratif religieux :<\/strong> Offrir un \u00ab contenant \u00e9motionnel exclusif \u00bb aux croyants qui recherchent \u00ab l&#039;expression de la foi + la texture artisanale \u00bb, permettant \u00e0 la rugosit\u00e9 de la technologie de sablage de se fondre profond\u00e9ment dans la solennit\u00e9 des symboles religieux, devenant un symbole physique de \u00ab foi et de comm\u00e9moration \u00bb.<\/li>\n<\/ul>\n<\/li>\n<\/ul>","protected":false},"excerpt":{"rendered":"<ul>\n<li><strong>Base en pierre et sablage :<\/strong> Le granit gris-blanc (duret\u00e9 Mohs 6-7) est s\u00e9lectionn\u00e9. Sa structure particulaire uniforme constitue une base id\u00e9ale pour le sablage. Apr\u00e8s le fa\u00e7onnage de la pierre par d\u00e9coupe CNC, elle est sabl\u00e9e, en tout ou en partie\u00a0: les particules de diamant sont projet\u00e9es sur la surface de la pierre par un flux d&#039;air \u00e0 haute pression, cr\u00e9ant ainsi une texture rugueuse uniforme, posant les bases de la sculpture et de la d\u00e9coration ult\u00e9rieures, et cr\u00e9ant une esth\u00e9tique \u00e0 la fois simple et puissante.<\/li>\n<\/ul>\n<p>&nbsp;<\/p>\n<ul>\n<li>\n<h3 class=\"header-OdWb_u auto-hide-last-sibling-br\">Pr\u00e9sentation du processus composite<\/h3>\n<ul class=\"auto-hide-last-sibling-br\">\n<li><strong>Sablage + Gravure au trait :<\/strong> Les inscriptions et les contours des motifs (anges et c\u0153urs, par exemple) sont grav\u00e9s au trait (profondeur de 1 \u00e0 2 mm). Sur la base sabl\u00e9e brute, les d\u00e9tails sont soulign\u00e9s de lignes d\u00e9licates pour cr\u00e9er un contraste saisissant entre texture brute et motifs raffin\u00e9s.<\/li>\n<li><strong>Sablage + coloration :<\/strong> Apr\u00e8s avoir \u00e9t\u00e9 sabl\u00e9s pour mettre en \u00e9vidence le contour des symboles cl\u00e9s (tels que les croix et les anneaux), ils sont remplis de peinture noire r\u00e9sistante aux intemp\u00e9ries pour renforcer la concentration visuelle et transmettre le \u00ab sens stratifi\u00e9 et solennel des informations comm\u00e9moratives \u00bb ;<\/li>\n<li><strong>Protection de surface :<\/strong> Toute la surface est trait\u00e9e avec un agent protecteur \u00e0 base de nano-silicium, qui conserve la texture du sablage tout en r\u00e9sistant aux taches d&#039;eau et \u00e0 l&#039;\u00e9rosion par les intemp\u00e9ries, garantissant la stabilit\u00e9 \u00e0 long terme de la texture rugueuse et du motif de couleur.<\/li>\n<\/ul>\n<\/li>\n<\/ul>","protected":false},"featured_media":564,"comment_status":"open","ping_status":"closed","template":"","meta":[],"product_brand":[],"product_cat":[27],"product_tag":[],"class_list":{"0":"post-563","1":"product","2":"type-product","3":"status-publish","4":"has-post-thumbnail","6":"product_cat-simple-series","8":"first","9":"instock","10":"shipping-taxable","11":"product-type-simple"},"_links":{"self":[{"href":"https:\/\/shienstonedesign.com\/fr\/wp-json\/wp\/v2\/product\/563","targetHints":{"allow":["GET"]}}],"collection":[{"href":"https:\/\/shienstonedesign.com\/fr\/wp-json\/wp\/v2\/product"}],"about":[{"href":"https:\/\/shienstonedesign.com\/fr\/wp-json\/wp\/v2\/types\/product"}],"replies":[{"embeddable":true,"href":"https:\/\/shienstonedesign.com\/fr\/wp-json\/wp\/v2\/comments?post=563"}],"wp:featuredmedia":[{"embeddable":true,"href":"https:\/\/shienstonedesign.com\/fr\/wp-json\/wp\/v2\/media\/564"}],"wp:attachment":[{"href":"https:\/\/shienstonedesign.com\/fr\/wp-json\/wp\/v2\/media?parent=563"}],"wp:term":[{"taxonomy":"product_brand","embeddable":true,"href":"https:\/\/shienstonedesign.com\/fr\/wp-json\/wp\/v2\/product_brand?post=563"},{"taxonomy":"product_cat","embeddable":true,"href":"https:\/\/shienstonedesign.com\/fr\/wp-json\/wp\/v2\/product_cat?post=563"},{"taxonomy":"product_tag","embeddable":true,"href":"https:\/\/shienstonedesign.com\/fr\/wp-json\/wp\/v2\/product_tag?post=563"}],"curies":[{"name":"wp","href":"https:\/\/api.w.org\/{rel}","templated":true}]}}