{"id":547,"date":"2025-06-12T09:28:29","date_gmt":"2025-06-12T09:28:29","guid":{"rendered":"https:\/\/shienstonedesign.com\/?post_type=product&#038;p=547"},"modified":"2025-06-18T07:19:39","modified_gmt":"2025-06-18T07:19:39","slug":"monument-with-flowers-and-trees","status":"publish","type":"product","link":"https:\/\/shienstonedesign.com\/fr\/product\/monument-with-flowers-and-trees\/","title":{"rendered":"Monument avec des fleurs et des arbres"},"content":{"rendered":"<h3 class=\"header-OdWb_u auto-hide-last-sibling-br\">Sc\u00e9narios d&#039;application de base<\/h3>\n<ul>\n<li style=\"list-style-type: none;\">\n<ul class=\"auto-hide-last-sibling-br\">\n<li><strong>Cimeti\u00e8re naturel \u00e9cologique :<\/strong> En tant que symbole visuel du \u00ab cycle de vie \u00bb, il est int\u00e9gr\u00e9 au jardin comm\u00e9moratif \u00e9cologique (comme la Forest Memorial Valley) pour renforcer l&#039;atmosph\u00e8re spirituelle de \u00ab symbiose avec la nature \u00bb ;<\/li>\n<li><strong>Zone comm\u00e9morative naturelle familiale :<\/strong> Fournit un \u00ab contenant \u00e9motionnel exclusif \u00bb pour les familles qui recherchent une \u00ab philosophie naturelle + m\u00e9morial de vie \u00bb, permettant l&#039;int\u00e9gration profonde des images naturelles et de la pens\u00e9e de la vie pour devenir un symbole physique de \u00ab continuation de la vie \u00bb.<\/li>\n<\/ul>\n<\/li>\n<\/ul>","protected":false},"excerpt":{"rendered":"<ul>\n<li><strong>Pierre et forme :<\/strong> Le granit textur\u00e9 gris-noir (corps principal) et le granit gris clair (relief arbor\u00e9) ont \u00e9t\u00e9 s\u00e9lectionn\u00e9s. La texture naturelle du paysage fait \u00e9cho \u00e0 la nature, tandis que le contraste bicolore met en valeur le th\u00e8me arbor\u00e9. La forme \u00ab\u00a0monument naturel irr\u00e9gulier + arbre en relief\u00a0\u00bb est r\u00e9alis\u00e9e par d\u00e9coupe CNC. L&#039;arbre adopte une technologie de haut-relief, et les d\u00e9tails des branches et des feuilles sont polis manuellement (diff\u00e9rence de 3 \u00e0 5\u00a0cm), construisant ainsi le r\u00e9cit central de \u00ab\u00a0la vie ancr\u00e9e dans la nature\u00a0\u00bb.<\/li>\n<\/ul>\n<p>&nbsp;<\/p>\n<ul>\n<li>\n<h3 class=\"header-OdWb_u auto-hide-last-sibling-br\">D\u00e9tails de la sculpture<\/h3>\n<ul class=\"auto-hide-last-sibling-br\">\n<li><strong>Relief des arbres :<\/strong> Fran\u00e7ais Le haut-relief est utilis\u00e9 pour pr\u00e9senter la posture des \u00ab branches et des feuilles qui s&#039;\u00e9tirent \u00bb (hauteur saillante de 4 \u00e0 6 cm), les feuilles sont parsem\u00e9es de sculptures d&#039;ombre (densit\u00e9 de 180 points\/cm\u00b2) pour restaurer le niveau des veines, et les branches sont taill\u00e9es manuellement (erreur &lt; 0,5 mm) pour repr\u00e9senter le charme de la \u00ab vitalit\u00e9 et de l&#039;int\u00e9gration naturelle \u00bb ; le \u00ab creux en forme de c\u0153ur \u00bb est sculpt\u00e9 au c\u0153ur de l&#039;arbre pour renforcer la m\u00e9taphore de \u00ab l&#039;h\u00e9ritage de l&#039;amour et de la vie \u00bb et transmettre l&#039;\u00e9motion de \u00ab la m\u00e9moire est comme un arbre qui prend racine et grandit \u00bb ;<\/li>\n<li><strong>Le corps et la base du monument :<\/strong> Le granit gris-noir conserve la texture naturelle du paysage et pr\u00e9sente une finition mate, cr\u00e9ant un contraste entre \u00ab\u00a0rugosit\u00e9 et d\u00e9licatesse\u00a0\u00bb avec les fines sculptures des reliefs des arbres. Le socle est sculpt\u00e9 d&#039;un relief peu profond (1 \u00e0 2\u00a0mm) \u00e0 la texture rocheuse, rappelant les fondations naturelles et prolongeant le r\u00e9cit de la vie.<\/li>\n<\/ul>\n<\/li>\n<\/ul>","protected":false},"featured_media":548,"comment_status":"open","ping_status":"closed","template":"","meta":[],"product_brand":[],"product_cat":[26],"product_tag":[],"class_list":{"0":"post-547","1":"product","2":"type-product","3":"status-publish","4":"has-post-thumbnail","6":"product_cat-grid-series","8":"first","9":"instock","10":"shipping-taxable","11":"product-type-simple"},"_links":{"self":[{"href":"https:\/\/shienstonedesign.com\/fr\/wp-json\/wp\/v2\/product\/547","targetHints":{"allow":["GET"]}}],"collection":[{"href":"https:\/\/shienstonedesign.com\/fr\/wp-json\/wp\/v2\/product"}],"about":[{"href":"https:\/\/shienstonedesign.com\/fr\/wp-json\/wp\/v2\/types\/product"}],"replies":[{"embeddable":true,"href":"https:\/\/shienstonedesign.com\/fr\/wp-json\/wp\/v2\/comments?post=547"}],"wp:featuredmedia":[{"embeddable":true,"href":"https:\/\/shienstonedesign.com\/fr\/wp-json\/wp\/v2\/media\/548"}],"wp:attachment":[{"href":"https:\/\/shienstonedesign.com\/fr\/wp-json\/wp\/v2\/media?parent=547"}],"wp:term":[{"taxonomy":"product_brand","embeddable":true,"href":"https:\/\/shienstonedesign.com\/fr\/wp-json\/wp\/v2\/product_brand?post=547"},{"taxonomy":"product_cat","embeddable":true,"href":"https:\/\/shienstonedesign.com\/fr\/wp-json\/wp\/v2\/product_cat?post=547"},{"taxonomy":"product_tag","embeddable":true,"href":"https:\/\/shienstonedesign.com\/fr\/wp-json\/wp\/v2\/product_tag?post=547"}],"curies":[{"name":"wp","href":"https:\/\/api.w.org\/{rel}","templated":true}]}}