{"id":538,"date":"2025-06-12T09:17:36","date_gmt":"2025-06-12T09:17:36","guid":{"rendered":"https:\/\/shienstonedesign.com\/?post_type=product&#038;p=538"},"modified":"2025-06-18T07:19:27","modified_gmt":"2025-06-18T07:19:27","slug":"lawn-monument","status":"publish","type":"product","link":"https:\/\/shienstonedesign.com\/fr\/product\/lawn-monument\/","title":{"rendered":"Monument de la pelouse"},"content":{"rendered":"<h3 class=\"header-OdWb_u auto-hide-last-sibling-br\">Sc\u00e9narios d&#039;application de base<\/h3>\n<ul>\n<li style=\"list-style-type: none;\">\n<ul class=\"auto-hide-last-sibling-br\">\n<li><strong>Cimeti\u00e8re \u00e9co-pelouse :<\/strong> En tant que symbole visuel du \u00ab m\u00e9morial minimaliste \u00bb, il int\u00e8gre des zones de cimeti\u00e8re \u00e9cologiques naturelles (comme le Green Grassland Memorial Garden) pour renforcer l&#039;atmosph\u00e8re spirituelle de \u00ab comm\u00e9moration et de symbiose naturelle \u00bb ;<\/li>\n<li><strong>Zone comm\u00e9morative de la pelouse familiale :<\/strong> Il offre un \u00ab support \u00e9motionnel essentiel \u00bb aux familles \u00e0 la recherche de \u00ab monuments comm\u00e9moratifs simples et naturels \u00bb, permettant \u00e0 la forme minimaliste de se fondre profond\u00e9ment dans des pens\u00e9es profondes, devenant un symbole physique de \u00ab monument comm\u00e9moratif pur \u00bb.<\/li>\n<\/ul>\n<\/li>\n<\/ul>","protected":false},"excerpt":{"rendered":"<ul>\n<li><strong>Pierre et forme :<\/strong> Le granit noir utilis\u00e9 (duret\u00e9 Mohs 7-8) conf\u00e8re au monument une texture simple et solennelle. Gr\u00e2ce \u00e0 une d\u00e9coupe de pr\u00e9cision CNC, une forme rectangulaire r\u00e9guli\u00e8re est obtenue, et les bords sont polis manuellement (chanfrein R2-3 mm) pour att\u00e9nuer la duret\u00e9 de la d\u00e9coupe m\u00e9canique, s&#039;adapter \u00e0 l&#039;atmosph\u00e8re naturelle de la pelouse et cr\u00e9er une atmosph\u00e8re comm\u00e9morative \u00ab\u00a0simple et \u00e9ternelle\u00a0\u00bb.<\/li>\n<\/ul>\n<p>&nbsp;<\/p>\n<ul>\n<li><strong>Traitement de surface :<\/strong> La surface du monument est polie miroir et recouverte d&#039;un nano-\u00e9mail. Proc\u00e9d\u00e9\u00a0: le polissage miroir conf\u00e8re \u00e0 la pierre un \u00e9clat miroitant et renforce sa puret\u00e9 visuelle. Le nano-\u00e9mail forme un film protecteur qui r\u00e9siste aux taches d&#039;eau et \u00e0 l&#039;\u00e9rosion due \u00e0 la s\u00e8ve des pelouses, pr\u00e9servant ainsi durablement la texture \u00ab\u00a0noir comme l&#039;encre, brillant comme un miroir\u00a0\u00bb, rendant le monument intemporel.<\/li>\n<\/ul>","protected":false},"featured_media":539,"comment_status":"open","ping_status":"closed","template":"","meta":[],"product_brand":[],"product_cat":[26],"product_tag":[],"class_list":{"0":"post-538","1":"product","2":"type-product","3":"status-publish","4":"has-post-thumbnail","6":"product_cat-grid-series","8":"first","9":"instock","10":"shipping-taxable","11":"product-type-simple"},"_links":{"self":[{"href":"https:\/\/shienstonedesign.com\/fr\/wp-json\/wp\/v2\/product\/538","targetHints":{"allow":["GET"]}}],"collection":[{"href":"https:\/\/shienstonedesign.com\/fr\/wp-json\/wp\/v2\/product"}],"about":[{"href":"https:\/\/shienstonedesign.com\/fr\/wp-json\/wp\/v2\/types\/product"}],"replies":[{"embeddable":true,"href":"https:\/\/shienstonedesign.com\/fr\/wp-json\/wp\/v2\/comments?post=538"}],"wp:featuredmedia":[{"embeddable":true,"href":"https:\/\/shienstonedesign.com\/fr\/wp-json\/wp\/v2\/media\/539"}],"wp:attachment":[{"href":"https:\/\/shienstonedesign.com\/fr\/wp-json\/wp\/v2\/media?parent=538"}],"wp:term":[{"taxonomy":"product_brand","embeddable":true,"href":"https:\/\/shienstonedesign.com\/fr\/wp-json\/wp\/v2\/product_brand?post=538"},{"taxonomy":"product_cat","embeddable":true,"href":"https:\/\/shienstonedesign.com\/fr\/wp-json\/wp\/v2\/product_cat?post=538"},{"taxonomy":"product_tag","embeddable":true,"href":"https:\/\/shienstonedesign.com\/fr\/wp-json\/wp\/v2\/product_tag?post=538"}],"curies":[{"name":"wp","href":"https:\/\/api.w.org\/{rel}","templated":true}]}}