{"id":528,"date":"2025-06-12T08:59:39","date_gmt":"2025-06-12T08:59:39","guid":{"rendered":"https:\/\/shienstonedesign.com\/?post_type=product&#038;p=528"},"modified":"2025-06-18T07:19:01","modified_gmt":"2025-06-18T07:19:01","slug":"cartoon-ninja-turtles-monument","status":"publish","type":"product","link":"https:\/\/shienstonedesign.com\/fr\/product\/cartoon-ninja-turtles-monument\/","title":{"rendered":"Monument des Tortues Ninja de dessin anim\u00e9"},"content":{"rendered":"<h3 class=\"header-OdWb_u auto-hide-last-sibling-br\">Sc\u00e9narios d&#039;application de base<\/h3>\n<ul>\n<li style=\"list-style-type: none;\">\n<ul class=\"auto-hide-last-sibling-br\">\n<li><strong>Cimeti\u00e8re \u00e0 th\u00e8me de dessin anim\u00e9 :<\/strong> En tant que symbole visuel des \u00ab souvenirs d\u2019enfance \u00bb, il s\u2019int\u00e8gre dans le cimeti\u00e8re de la culture populaire (comme le parc de la nostalgie) pour renforcer l\u2019atmosph\u00e8re spirituelle de la \u00ab protection du h\u00e9ros de bande dessin\u00e9e \u00bb ;<\/li>\n<li><strong>Jardin comm\u00e9moratif familial :<\/strong> Fournit un \u00ab contenant \u00e9motionnel exclusif \u00bb pour les familles qui aiment les dessins anim\u00e9s et ch\u00e9rissent les souvenirs d&#039;enfance, permettant aux sentiments de propri\u00e9t\u00e9 intellectuelle et aux souvenirs priv\u00e9s de se m\u00e9langer profond\u00e9ment et de devenir un lieu physique de \u00ab nostalgie passionn\u00e9e \u00bb.<\/li>\n<\/ul>\n<\/li>\n<\/ul>","protected":false},"excerpt":{"rendered":"<ul>\n<li><strong>Pierre et forme :<\/strong> Le granit noir (plateau) et le granit gris (corps de la tortue) ont \u00e9t\u00e9 s\u00e9lectionn\u00e9s, et la texture robuste de la pierre fait \u00e9cho \u00e0 la passion des \u00ab\u00a0Tortues Ninja\u00a0\u00bb. La forme cr\u00e9ative \u00ab\u00a0plateau + relief tortue\u00a0\u00bb est fa\u00e7onn\u00e9e par d\u00e9coupe CNC. La tortue adopte une combinaison de sculpture ronde et de relief, tandis que la texture de la carapace et les d\u00e9tails des v\u00eatements sont polis \u00e0 la main (diff\u00e9rence de 1 \u00e0 3\u00a0cm), construisant ainsi le r\u00e9cit central de \u00ab\u00a0la protection des h\u00e9ros de l&#039;enfance\u00a0\u00bb.<\/li>\n<li>\n<h3 class=\"header-OdWb_u auto-hide-last-sibling-br\">D\u00e9tails de la sculpture<\/h3>\n<ul class=\"auto-hide-last-sibling-br\">\n<li><strong>Statues des Tortues Ninja :<\/strong> Les tortues sont pr\u00e9sent\u00e9es en sculpture ronde (hauteur saillante de 5 \u00e0 8 cm), les carapaces de tortues sont parsem\u00e9es de sculptures d&#039;ombres (densit\u00e9 de 200 points\/cm\u00b2) pour restaurer le niveau de texture, le visage et les armes sont affin\u00e9s manuellement (erreur &lt; 0,5 mm), repr\u00e9sentant le comportement \u00ab passionn\u00e9 et protecteur \u00bb ; les v\u00eatements et les masques pour les yeux sont combin\u00e9s avec une gravure au trait + une peinture pour am\u00e9liorer la \u00ab reconnaissance classique des caract\u00e8res \u00bb et transmettre le \u00ab sentiment vif des souvenirs d&#039;enfance \u00bb ;<\/li>\n<li><strong>Plateau et base :<\/strong> Le granit noir est trait\u00e9 par nano-\u00e9mail pour pr\u00e9senter une texture miroir, cr\u00e9ant un contraste chaud-froid avec la pierre brute du relief de la tortue. Le socle est grav\u00e9 d&#039;un bas-relief \u00ab\u00a0b\u00e2timent urbain\u00a0\u00bb (\u00e9paisseur 1 \u00e0 2\u00a0mm), rappelant le h\u00e9ros urbain des Tortues Ninja et prolongeant le r\u00e9cit.<\/li>\n<\/ul>\n<\/li>\n<\/ul>","protected":false},"featured_media":529,"comment_status":"open","ping_status":"closed","template":"","meta":[],"product_brand":[],"product_cat":[25],"product_tag":[],"class_list":{"0":"post-528","1":"product","2":"type-product","3":"status-publish","4":"has-post-thumbnail","6":"product_cat-shadow-carving-series","8":"first","9":"instock","10":"shipping-taxable","11":"product-type-simple"},"_links":{"self":[{"href":"https:\/\/shienstonedesign.com\/fr\/wp-json\/wp\/v2\/product\/528","targetHints":{"allow":["GET"]}}],"collection":[{"href":"https:\/\/shienstonedesign.com\/fr\/wp-json\/wp\/v2\/product"}],"about":[{"href":"https:\/\/shienstonedesign.com\/fr\/wp-json\/wp\/v2\/types\/product"}],"replies":[{"embeddable":true,"href":"https:\/\/shienstonedesign.com\/fr\/wp-json\/wp\/v2\/comments?post=528"}],"wp:featuredmedia":[{"embeddable":true,"href":"https:\/\/shienstonedesign.com\/fr\/wp-json\/wp\/v2\/media\/529"}],"wp:attachment":[{"href":"https:\/\/shienstonedesign.com\/fr\/wp-json\/wp\/v2\/media?parent=528"}],"wp:term":[{"taxonomy":"product_brand","embeddable":true,"href":"https:\/\/shienstonedesign.com\/fr\/wp-json\/wp\/v2\/product_brand?post=528"},{"taxonomy":"product_cat","embeddable":true,"href":"https:\/\/shienstonedesign.com\/fr\/wp-json\/wp\/v2\/product_cat?post=528"},{"taxonomy":"product_tag","embeddable":true,"href":"https:\/\/shienstonedesign.com\/fr\/wp-json\/wp\/v2\/product_tag?post=528"}],"curies":[{"name":"wp","href":"https:\/\/api.w.org\/{rel}","templated":true}]}}