{"id":522,"date":"2025-06-12T08:54:34","date_gmt":"2025-06-12T08:54:34","guid":{"rendered":"https:\/\/shienstonedesign.com\/?post_type=product&#038;p=522"},"modified":"2025-06-18T07:18:46","modified_gmt":"2025-06-18T07:18:46","slug":"little-angel-monument","status":"publish","type":"product","link":"https:\/\/shienstonedesign.com\/fr\/product\/little-angel-monument\/","title":{"rendered":"Monument du Petit Ange"},"content":{"rendered":"<h3 class=\"header-OdWb_u auto-hide-last-sibling-br\">Sc\u00e9narios d&#039;application de base<\/h3>\n<ul>\n<li style=\"list-style-type: none;\">\n<ul class=\"auto-hide-last-sibling-br\">\n<li><strong>Espace enfants dans les cimeti\u00e8res religieux :<\/strong> En tant que symbole visuel du \u00ab repos dans l&#039;innocence \u00bb, il est int\u00e9gr\u00e9 dans l&#039;espace comm\u00e9moratif des enfants du cimeti\u00e8re chr\u00e9tien (comme le Jardin des Anges) pour renforcer l&#039;atmosph\u00e8re spirituelle de \u00ab garde de l&#039;innocence du ciel \u00bb ;<\/li>\n<li><strong>Jardin comm\u00e9moratif familial :<\/strong> Il offre un \u00ab contenant \u00e9motionnel d\u00e9di\u00e9 \u00bb aux familles qui ont perdu des enfants, permettant au r\u00e9confort religieux et aux souvenirs d\u2019enfance de se m\u00e9langer profond\u00e9ment, devenant un lieu physique de \u00ab doux souvenir \u00bb.<\/li>\n<\/ul>\n<\/li>\n<\/ul>\n<ul>\n<li style=\"list-style-type: none;\"><\/li>\n<\/ul>","protected":false},"excerpt":{"rendered":"<ul>\n<li><strong>Pierre et forme :<\/strong> Le granit gris-blanc (duret\u00e9 Mohs 6-7) a \u00e9t\u00e9 choisi, et sa texture naturelle a \u00e9t\u00e9 utilis\u00e9e pour faire \u00e9cho au th\u00e8me comm\u00e9moratif \u00ab\u00a0innocence et tranquillit\u00e9\u00a0\u00bb. La forme simple du \u00ab\u00a0corps du monument + relief de l&#039;ange\u00a0\u00bb a \u00e9t\u00e9 fa\u00e7onn\u00e9e par d\u00e9coupe CNC. La surface du monument et le contour de l&#039;ange ont \u00e9t\u00e9 polis \u00e0 la main (avec une diff\u00e9rence de 1 \u00e0 3\u00a0cm) pour simuler la texture douce de \u00ab\u00a0plumes d\u00e9licatement envelopp\u00e9es\u00a0\u00bb et construire le r\u00e9cit central de \u00ab\u00a0la protection du repos\u00a0\u00bb.<\/li>\n<\/ul>\n<p>&nbsp;<\/p>\n<ul>\n<li>\n<h3 class=\"header-OdWb_u auto-hide-last-sibling-br\">D\u00e9tails de la sculpture<\/h3>\n<ul class=\"auto-hide-last-sibling-br\">\n<li>La petite statue d&#039;ange : un relief semi-circulaire est utilis\u00e9 pour pr\u00e9senter la posture de \u00ab l&#039;\u00e9treinte des ailes, dormant paisiblement \u00bb (hauteur saillante de 3 \u00e0 5 cm), les ailes sont parsem\u00e9es de sculptures d&#039;ombres (densit\u00e9 de 180 points\/cm\u00b2) pour restaurer les couches de plumes, et le visage et les mains sont affin\u00e9s manuellement (erreur &lt; 0,5 mm) pour repr\u00e9senter le comportement \u00ab innocent et silencieux \u00bb ; les plis des v\u00eatements et les bords des ailes sont combin\u00e9s avec une gravure au trait + un bas-relief pour renforcer l&#039;effet visuel d&#039;\u00ab emballage doux \u00bb et transmettre le \u00ab sentiment de s\u00e9curit\u00e9 d&#039;\u00eatre prot\u00e9g\u00e9 \u00bb ;<\/li>\n<li>Corps et base du monument : La surface du monument est sabl\u00e9e pour pr\u00e9senter une texture mate fine, formant un contraste de \u00ab rugosit\u00e9 et de douceur \u00bb avec la fine sculpture du relief de l&#039;ange ; la base est grav\u00e9e de motifs en pierre naturelle (profondeur 1-2 mm), simulant la sensation de lourdeur de \u00ab la terre portant \u00bb, prolongeant le niveau comm\u00e9moratif.<\/li>\n<\/ul>\n<\/li>\n<\/ul>","protected":false},"featured_media":523,"comment_status":"open","ping_status":"closed","template":"","meta":[],"product_brand":[],"product_cat":[24],"product_tag":[],"class_list":{"0":"post-522","1":"product","2":"type-product","3":"status-publish","4":"has-post-thumbnail","6":"product_cat-building-materials-series","8":"first","9":"instock","10":"shipping-taxable","11":"product-type-simple"},"_links":{"self":[{"href":"https:\/\/shienstonedesign.com\/fr\/wp-json\/wp\/v2\/product\/522","targetHints":{"allow":["GET"]}}],"collection":[{"href":"https:\/\/shienstonedesign.com\/fr\/wp-json\/wp\/v2\/product"}],"about":[{"href":"https:\/\/shienstonedesign.com\/fr\/wp-json\/wp\/v2\/types\/product"}],"replies":[{"embeddable":true,"href":"https:\/\/shienstonedesign.com\/fr\/wp-json\/wp\/v2\/comments?post=522"}],"wp:featuredmedia":[{"embeddable":true,"href":"https:\/\/shienstonedesign.com\/fr\/wp-json\/wp\/v2\/media\/523"}],"wp:attachment":[{"href":"https:\/\/shienstonedesign.com\/fr\/wp-json\/wp\/v2\/media?parent=522"}],"wp:term":[{"taxonomy":"product_brand","embeddable":true,"href":"https:\/\/shienstonedesign.com\/fr\/wp-json\/wp\/v2\/product_brand?post=522"},{"taxonomy":"product_cat","embeddable":true,"href":"https:\/\/shienstonedesign.com\/fr\/wp-json\/wp\/v2\/product_cat?post=522"},{"taxonomy":"product_tag","embeddable":true,"href":"https:\/\/shienstonedesign.com\/fr\/wp-json\/wp\/v2\/product_tag?post=522"}],"curies":[{"name":"wp","href":"https:\/\/api.w.org\/{rel}","templated":true}]}}