{"id":518,"date":"2025-06-12T08:51:47","date_gmt":"2025-06-12T08:51:47","guid":{"rendered":"https:\/\/shienstonedesign.com\/?post_type=product&#038;p=518"},"modified":"2025-06-18T07:18:33","modified_gmt":"2025-06-18T07:18:33","slug":"reclining-angel-monument","status":"publish","type":"product","link":"https:\/\/shienstonedesign.com\/fr\/product\/reclining-angel-monument\/","title":{"rendered":"Monument de l&#039;Ange couch\u00e9"},"content":{"rendered":"<h3 class=\"header-OdWb_u auto-hide-last-sibling-br\">Sc\u00e9narios d&#039;application de base<\/h3>\n<ul>\n<li style=\"list-style-type: none;\">\n<ul class=\"auto-hide-last-sibling-br\">\n<li><strong>Cimeti\u00e8res religieux :<\/strong> En tant que symbole visuel de \u00ab protection de l\u2019\u00e2me \u00bb, ils sont int\u00e9gr\u00e9s dans les cimeti\u00e8res chr\u00e9tiens (comme le jardin du Sacr\u00e9-C\u0153ur) pour renforcer l\u2019atmosph\u00e8re spirituelle de \u00ab protection c\u00e9leste \u00bb ;<\/li>\n<li><strong>Jardin comm\u00e9moratif familial :<\/strong> Fournit un \u00ab contenant spirituel sp\u00e9cial \u00bb aux familles qui recherchent \u00ab un r\u00e9confort religieux + une comm\u00e9moration \u00e9motionnelle \u00bb pour permettre une int\u00e9gration profonde des croyances religieuses et des souvenirs priv\u00e9s.<\/li>\n<\/ul>\n<\/li>\n<\/ul>","protected":false},"excerpt":{"rendered":"<ul>\n<li><strong>Pierre et forme :<\/strong> Le granit gris-blanc (mat\u00e9riau principal) et le granit noir poli (incrustations en forme de c\u0153ur) sont utilis\u00e9s pour exprimer la qui\u00e9tude et la solennit\u00e9 de la religion gr\u00e2ce \u00e0 la texture naturelle de la pierre. Le corps principal de l&#039;ange est taill\u00e9 en forme d&#039;\u00ab\u00a0\u00e9treinte allong\u00e9e\u00a0\u00bb par CNC, et les courbes des ailes et des plis sont polies \u00e0 la main (avec une variation de 1 \u00e0 3\u00a0cm). L&#039;incrustations en forme de c\u0153ur est taill\u00e9e au jet d&#039;eau de haute pr\u00e9cision pour obtenir la \u00ab\u00a0douceur de la pierre dure\u00a0\u00bb et construire le r\u00e9cit central des \u00ab\u00a0anges gardiens du c\u0153ur\u00a0\u00bb.<\/li>\n<\/ul>\n<p>&nbsp;<\/p>\n<ul>\n<li>\n<h3 class=\"header-OdWb_u auto-hide-last-sibling-br\">D\u00e9tails de la sculpture<\/h3>\n<ul class=\"auto-hide-last-sibling-br\">\n<li><strong>Statue d&#039;ange :<\/strong> Fran\u00e7ais Un ange couch\u00e9 est fa\u00e7onn\u00e9 avec un relief semi-circulaire (hauteur saillante de 4 \u00e0 6 cm), les ailes sont parsem\u00e9es de sculptures d&#039;ombres (densit\u00e9 de 200 points\/cm\u00b2) pour simuler les couches de plumes, et le visage et les mains sont affin\u00e9s manuellement (erreur &lt; 0,5 mm) pour repr\u00e9senter le comportement de \u00ab regard doux, \u00e9treinte et protection \u00bb ; les plis des v\u00eatements sont combin\u00e9s avec une gravure au trait + un bas-relief pour restaurer le drap\u00e9 du tissu et rehausser la \u00ab chaleur humaine \u00bb ;<\/li>\n<li><strong>Incrustation en forme de c\u0153ur :<\/strong> Le granit noir lisse est trait\u00e9 avec un nano-\u00e9mail pour cr\u00e9er un \u00ab contraste de textures chaudes et froides \u00bb avec la pierre brute, laissant de la place aux inscriptions et devenant un \u00ab espace vierge pour les souvenirs \u00bb ;<\/li>\n<li><strong>D\u00e9coration de base :<\/strong> roses sculpt\u00e9es, vignes et autres reliefs peu profonds (profondeur 1-2 mm), faisant \u00e9cho au th\u00e8me comm\u00e9moratif de \u00ab l&#039;amour et de l&#039;\u00e9ternit\u00e9 \u00bb et \u00e9tendant le niveau \u00e9motionnel.<\/li>\n<\/ul>\n<\/li>\n<\/ul>","protected":false},"featured_media":519,"comment_status":"open","ping_status":"closed","template":"","meta":[],"product_brand":[],"product_cat":[24],"product_tag":[],"class_list":{"0":"post-518","1":"product","2":"type-product","3":"status-publish","4":"has-post-thumbnail","6":"product_cat-building-materials-series","8":"first","9":"instock","10":"shipping-taxable","11":"product-type-simple"},"_links":{"self":[{"href":"https:\/\/shienstonedesign.com\/fr\/wp-json\/wp\/v2\/product\/518","targetHints":{"allow":["GET"]}}],"collection":[{"href":"https:\/\/shienstonedesign.com\/fr\/wp-json\/wp\/v2\/product"}],"about":[{"href":"https:\/\/shienstonedesign.com\/fr\/wp-json\/wp\/v2\/types\/product"}],"replies":[{"embeddable":true,"href":"https:\/\/shienstonedesign.com\/fr\/wp-json\/wp\/v2\/comments?post=518"}],"wp:featuredmedia":[{"embeddable":true,"href":"https:\/\/shienstonedesign.com\/fr\/wp-json\/wp\/v2\/media\/519"}],"wp:attachment":[{"href":"https:\/\/shienstonedesign.com\/fr\/wp-json\/wp\/v2\/media?parent=518"}],"wp:term":[{"taxonomy":"product_brand","embeddable":true,"href":"https:\/\/shienstonedesign.com\/fr\/wp-json\/wp\/v2\/product_brand?post=518"},{"taxonomy":"product_cat","embeddable":true,"href":"https:\/\/shienstonedesign.com\/fr\/wp-json\/wp\/v2\/product_cat?post=518"},{"taxonomy":"product_tag","embeddable":true,"href":"https:\/\/shienstonedesign.com\/fr\/wp-json\/wp\/v2\/product_tag?post=518"}],"curies":[{"name":"wp","href":"https:\/\/api.w.org\/{rel}","templated":true}]}}