{"id":511,"date":"2025-06-12T08:47:48","date_gmt":"2025-06-12T08:47:48","guid":{"rendered":"https:\/\/shienstonedesign.com\/?post_type=product&#038;p=511"},"modified":"2025-06-18T07:17:15","modified_gmt":"2025-06-18T07:17:15","slug":"jesus-shepherding-sheep-monument","status":"publish","type":"product","link":"https:\/\/shienstonedesign.com\/fr\/product\/jesus-shepherding-sheep-monument\/","title":{"rendered":"Monument de J\u00e9sus berger des moutons"},"content":{"rendered":"<h3 class=\"header-OdWb_u auto-hide-last-sibling-br\">Sc\u00e9narios d&#039;application de base<\/h3>\n<ul>\n<li style=\"list-style-type: none;\">\n<ul class=\"auto-hide-last-sibling-br\">\n<li><strong>Cimeti\u00e8re religieux :<\/strong> En tant que noyau visuel de \u00ab l\u2019h\u00e9ritage de la foi \u00bb, il s\u2019int\u00e8gre dans le cimeti\u00e8re chr\u00e9tien (comme le jardin de Sion) pour renforcer l\u2019atmosph\u00e8re spirituelle de \u00ab pastorale c\u00e9leste \u00bb ;<\/li>\n<li><strong>Espace comm\u00e9moratif attenant \u00e0 l&#039;\u00e9glise :<\/strong> fournit un \u00ab espace narratif de foi en plein air \u00bb pour l\u2019\u00e9glise, aidant les croyants \u00e0 comprendre la m\u00e9taphore doctrinale de \u00ab J\u00e9sus berger des brebis \u00bb et devenant un mat\u00e9riel p\u00e9dagogique physique pour la diffusion de la culture religieuse.<\/li>\n<\/ul>\n<\/li>\n<\/ul>","protected":false},"excerpt":{"rendered":"<ul>\n<li><strong>Pierre et structure globale :<\/strong>Le granit blanc cass\u00e9 (duret\u00e9 Mohs 6-7) a \u00e9t\u00e9 choisi pour \u00e9voquer le caract\u00e8re sacr\u00e9 des th\u00e8mes religieux avec la simplicit\u00e9 et la lourdeur de la pierre naturelle. La forme naturelle de \u00ab l&#039;\u00e9treinte montagne-roche \u00bb a \u00e9t\u00e9 fa\u00e7onn\u00e9e par d\u00e9coupe CNC, tandis que les plis de la montagne et la texture de l&#039;herbe ont \u00e9t\u00e9 polis \u00e0 la main (la diff\u00e9rence d&#039;ondulation est de 2 \u00e0 4 cm), simulant la sc\u00e8ne pastorale de \u00ab J\u00e9sus guidant les moutons \u00bb et cr\u00e9ant un espace narratif immersif.<\/li>\n<\/ul>\n<p>&nbsp;<\/p>\n<ul>\n<li>\n<h3 class=\"header-OdWb_u auto-hide-last-sibling-br\">D\u00e9tails de la sculpture<\/h3>\n<ul class=\"auto-hide-last-sibling-br\">\n<li><strong>J\u00e9sus et les brebis :<\/strong> Fran\u00e7ais La statue de J\u00e9sus est pr\u00e9sent\u00e9e dans un relief semi-circulaire (hauteur saillante de 5 \u00e0 8 cm), les plis des v\u00eatements sont parsem\u00e9s de sculptures d&#039;ombres (densit\u00e9 de 180 points\/cm\u00b2) pour restaurer la texture du tissu, et les mains et le visage sont affin\u00e9s manuellement (erreur &lt; 0,5 mm) pour repr\u00e9senter le charme de la \u00ab direction mis\u00e9ricordieuse \u00bb ; les moutons sont une combinaison de sculpture ronde + bas-relief, avec les agneaux dans diff\u00e9rentes postures (debout, couch\u00e9, en train de chercher de la nourriture), et la surface est grav\u00e9e avec une texture de laine pour rehausser la vivacit\u00e9 ;<\/li>\n<li><strong>Fa\u00e7onnage de l&#039;environnement :<\/strong> La partie rocheuse est sculpt\u00e9e avec des d\u00e9tails de vignes, de fleurs et de plantes (profondeur de gravure de ligne 1-2 mm) pour restituer la \u00ab vitalit\u00e9 du p\u00e2turage \u00bb ; la base pr\u00e9sente \u00ab mur de pierre + v\u00e9g\u00e9tation \u00bb en relief, prolongeant le niveau de la sc\u00e8ne et permettant \u00e0 l&#039;image de \u00ab J\u00e9sus berger des moutons \u00bb d&#039;\u00eatre pleinement int\u00e9gr\u00e9e dans le contexte naturel.<\/li>\n<\/ul>\n<\/li>\n<\/ul>\n<p>&nbsp;<\/p>","protected":false},"featured_media":512,"comment_status":"open","ping_status":"closed","template":"","meta":[],"product_brand":[],"product_cat":[24],"product_tag":[],"class_list":{"0":"post-511","1":"product","2":"type-product","3":"status-publish","4":"has-post-thumbnail","6":"product_cat-building-materials-series","8":"first","9":"instock","10":"shipping-taxable","11":"product-type-simple"},"_links":{"self":[{"href":"https:\/\/shienstonedesign.com\/fr\/wp-json\/wp\/v2\/product\/511","targetHints":{"allow":["GET"]}}],"collection":[{"href":"https:\/\/shienstonedesign.com\/fr\/wp-json\/wp\/v2\/product"}],"about":[{"href":"https:\/\/shienstonedesign.com\/fr\/wp-json\/wp\/v2\/types\/product"}],"replies":[{"embeddable":true,"href":"https:\/\/shienstonedesign.com\/fr\/wp-json\/wp\/v2\/comments?post=511"}],"wp:featuredmedia":[{"embeddable":true,"href":"https:\/\/shienstonedesign.com\/fr\/wp-json\/wp\/v2\/media\/512"}],"wp:attachment":[{"href":"https:\/\/shienstonedesign.com\/fr\/wp-json\/wp\/v2\/media?parent=511"}],"wp:term":[{"taxonomy":"product_brand","embeddable":true,"href":"https:\/\/shienstonedesign.com\/fr\/wp-json\/wp\/v2\/product_brand?post=511"},{"taxonomy":"product_cat","embeddable":true,"href":"https:\/\/shienstonedesign.com\/fr\/wp-json\/wp\/v2\/product_cat?post=511"},{"taxonomy":"product_tag","embeddable":true,"href":"https:\/\/shienstonedesign.com\/fr\/wp-json\/wp\/v2\/product_tag?post=511"}],"curies":[{"name":"wp","href":"https:\/\/api.w.org\/{rel}","templated":true}]}}