{"id":506,"date":"2025-06-12T08:38:01","date_gmt":"2025-06-12T08:38:01","guid":{"rendered":"https:\/\/shienstonedesign.com\/?post_type=product&#038;p=506"},"modified":"2025-06-18T07:18:14","modified_gmt":"2025-06-18T07:18:14","slug":"sculpture-of-the-monument-to-our-lady","status":"publish","type":"product","link":"https:\/\/shienstonedesign.com\/fr\/product\/sculpture-of-the-monument-to-our-lady\/","title":{"rendered":"Sculpture du Monument \u00e0 Notre-Dame"},"content":{"rendered":"<h3 class=\"header-OdWb_u auto-hide-last-sibling-br\">Sc\u00e9narios d&#039;application de base<\/h3>\n<ul>\n<li style=\"list-style-type: none;\">\n<ul class=\"auto-hide-last-sibling-br\">\n<li><strong>Cimeti\u00e8re religieux :<\/strong> En tant que symbole physique de \u00ab l\u2019h\u00e9ritage de la foi \u00bb, il int\u00e8gre des zones comm\u00e9moratives catholiques et chr\u00e9tiennes pour renforcer les attributs spirituels et culturels du cimeti\u00e8re ;<\/li>\n<li><strong>Jardin comm\u00e9moratif familial :<\/strong> Il offre un double support de \u00ab foi + comm\u00e9moration \u00bb aux familles chr\u00e9tiennes ferventes, permettant aux sentiments religieux d\u2019\u00eatre profond\u00e9ment li\u00e9s aux souvenirs familiaux.<\/li>\n<\/ul>\n<\/li>\n<\/ul>","protected":false},"excerpt":{"rendered":"<ul>\n<li><strong>Pierre et forme :<\/strong> Le corps principal est en granit iris\u00e9 (duret\u00e9 Mohs 6-7). Le motif de la pierre naturelle \u00e9voque une n\u00e9buleuse, s&#039;int\u00e9grant parfaitement \u00e0 l&#039;atmosph\u00e8re sacr\u00e9e des th\u00e8mes religieux. Le contour de l&#039;autel elliptique est d\u00e9coup\u00e9 et poli par CNC, et les bords sont finis \u00e0 la main (chanfrein R3-5 mm) pour imiter la courbe douce de l&#039;arche de l&#039;\u00e9glise. La pierre auxiliaire est en granit gris clair, o\u00f9 sont sculpt\u00e9s des d\u00e9tails tels que la Vierge Marie et des bandes florales. Gr\u00e2ce \u00e0 un proc\u00e9d\u00e9 composite de gravure en relief et au trait, le drap\u00e9 des v\u00eatements et la texture stratifi\u00e9e des plantes sont mis en valeur.<\/li>\n<\/ul>\n<p>&nbsp;<\/p>\n<ul>\n<li>\n<h3 class=\"header-OdWb_u auto-hide-last-sibling-br\">D\u00e9tails de la sculpture<\/h3>\n<ul class=\"auto-hide-last-sibling-br\">\n<li><strong>La statue de la Vierge Marie :<\/strong> La posture debout de la Vierge Marie est fa\u00e7onn\u00e9e avec un relief semi-circulaire (hauteur saillante de 3 \u00e0 5 cm), la surface est parsem\u00e9e de sculptures d&#039;ombres (densit\u00e9 de 180 points\/cm\u00b2) pour simuler la texture du tissu, et les parties cl\u00e9s telles que les mains et le visage sont affin\u00e9es manuellement (erreur &lt; 0,5 mm) pour restaurer le charme compatissant des statues religieuses ;<\/li>\n<li><strong>Ruban floral et feuille :<\/strong> Il utilise une combinaison de gravure au trait et de bas-relief pour sculpter les d\u00e9tails des vignes et des feuilles afin de renforcer le sens rituel d&#039;\u00ab entourer le sanctuaire \u00bb ;<\/li>\n<li><strong>Traitement des inscriptions :<\/strong> Le nom et les informations de naissance et de d\u00e9c\u00e8s sont pr\u00e9sent\u00e9s \u00e0 l&#039;aide de la technique de remplissage en taille-douce, qui forme un contraste visuel avec la pierre sombre et garantit que les informations comm\u00e9moratives sont claires et solennelles.<\/li>\n<\/ul>\n<\/li>\n<\/ul>","protected":false},"featured_media":507,"comment_status":"open","ping_status":"closed","template":"","meta":[],"product_brand":[],"product_cat":[24],"product_tag":[],"class_list":{"0":"post-506","1":"product","2":"type-product","3":"status-publish","4":"has-post-thumbnail","6":"product_cat-building-materials-series","8":"first","9":"instock","10":"shipping-taxable","11":"product-type-simple"},"_links":{"self":[{"href":"https:\/\/shienstonedesign.com\/fr\/wp-json\/wp\/v2\/product\/506","targetHints":{"allow":["GET"]}}],"collection":[{"href":"https:\/\/shienstonedesign.com\/fr\/wp-json\/wp\/v2\/product"}],"about":[{"href":"https:\/\/shienstonedesign.com\/fr\/wp-json\/wp\/v2\/types\/product"}],"replies":[{"embeddable":true,"href":"https:\/\/shienstonedesign.com\/fr\/wp-json\/wp\/v2\/comments?post=506"}],"wp:featuredmedia":[{"embeddable":true,"href":"https:\/\/shienstonedesign.com\/fr\/wp-json\/wp\/v2\/media\/507"}],"wp:attachment":[{"href":"https:\/\/shienstonedesign.com\/fr\/wp-json\/wp\/v2\/media?parent=506"}],"wp:term":[{"taxonomy":"product_brand","embeddable":true,"href":"https:\/\/shienstonedesign.com\/fr\/wp-json\/wp\/v2\/product_brand?post=506"},{"taxonomy":"product_cat","embeddable":true,"href":"https:\/\/shienstonedesign.com\/fr\/wp-json\/wp\/v2\/product_cat?post=506"},{"taxonomy":"product_tag","embeddable":true,"href":"https:\/\/shienstonedesign.com\/fr\/wp-json\/wp\/v2\/product_tag?post=506"}],"curies":[{"name":"wp","href":"https:\/\/api.w.org\/{rel}","templated":true}]}}