{"id":495,"date":"2025-06-12T08:31:46","date_gmt":"2025-06-12T08:31:46","guid":{"rendered":"https:\/\/shienstonedesign.com\/?post_type=product&#038;p=495"},"modified":"2025-06-18T07:18:06","modified_gmt":"2025-06-18T07:18:06","slug":"american-saddle-shoe-monument","status":"publish","type":"product","link":"https:\/\/shienstonedesign.com\/fr\/product\/american-saddle-shoe-monument\/","title":{"rendered":"Monument am\u00e9ricain aux chaussures de selle"},"content":{"rendered":"<h3 class=\"header-OdWb_u auto-hide-last-sibling-br\">Sc\u00e9narios d&#039;application de base\u00a0:<\/h3>\n<ul>\n<li style=\"list-style-type: none;\">\n<ul class=\"auto-hide-last-sibling-br\">\n<li><strong>Cimeti\u00e8re \u00e0 th\u00e8me occidental :<\/strong> En tant que symbole physique de \u00ab l\u2019h\u00e9ritage de l\u2019esprit cow-boy \u00bb, il int\u00e8gre un ranch et une zone comm\u00e9morative \u00e9questre pour renforcer les attributs culturels de la sc\u00e8ne ;<\/li>\n<li><strong>Espace comm\u00e9moratif familial :<\/strong> Offrir un \u00ab support spirituel \u00bb aux familles qui aiment la culture occidentale, permettant aux souvenirs personnels d\u2019\u00eatre profond\u00e9ment li\u00e9s aux symboles culturels.<\/li>\n<\/ul>\n<\/li>\n<\/ul>\n<p>&nbsp;<\/p>\n<p>&nbsp;<\/p>","protected":false},"excerpt":{"rendered":"<ul>\n<li><strong>Pierre et forme :<\/strong>Le corps principal est en granit noir brillant (duret\u00e9 Mohs 7-8), d\u00e9coup\u00e9 et poli CNC pour cr\u00e9er une surface arqu\u00e9e lisse, simulant le contour incurv\u00e9 de la selle. Les bords sont finis \u00e0 la main (chanfrein R3-5 mm) pour restituer la texture d\u00e9licate des selles western. La pierre auxiliaire, le granit gris, est utilis\u00e9e pour sculpter des d\u00e9tails tels que les selles et les d\u00e9corations de bottes. Gr\u00e2ce \u00e0 un proc\u00e9d\u00e9 composite de sculpture en ombre et en relief, la texture stratifi\u00e9e des accessoires en cuir et en m\u00e9tal est mise en valeur.<\/li>\n<\/ul>\n<p>&nbsp;<\/p>\n<ul>\n<li>\n<h3 class=\"header-OdWb_u auto-hide-last-sibling-br\">D\u00e9tails de la sculpture<\/h3>\n<ul class=\"auto-hide-last-sibling-br\">\n<li><strong>Corps de selle :<\/strong> Les formes tridimensionnelles du pont de selle et de la selle sont fa\u00e7onn\u00e9es en relief (hauteur 2 \u2013 4 mm), et la surface est parsem\u00e9e de sculptures d&#039;ombre (densit\u00e9 200 points\/cm\u00b2) pour simuler les pores et les coutures du cuir, restituant la texture artisanale des selles western ;<\/li>\n<li><strong>D\u00e9coration de bottes de cow-boy :<\/strong> en adoptant la combinaison de la sculpture ronde et de la gravure lin\u00e9aire, en gravant des motifs de bottes et des d\u00e9tails d&#039;\u00e9perons pour renforcer la reconnaissance symbolique du \u00ab cow-boy occidental \u00bb ;<\/li>\n<li><strong>Traitement des inscriptions :<\/strong> Le nom et la date de naissance et de d\u00e9c\u00e8s sont pr\u00e9sent\u00e9s \u00e0 l&#039;aide de la technique de gravure au trait et de remplissage d&#039;or, ce qui non seulement assure la lisibilit\u00e9, mais forme \u00e9galement un contraste visuel avec la pierre noire, mettant en valeur le noyau comm\u00e9moratif.<\/li>\n<\/ul>\n<\/li>\n<\/ul>","protected":false},"featured_media":496,"comment_status":"open","ping_status":"closed","template":"","meta":[],"product_brand":[],"product_cat":[23],"product_tag":[],"class_list":{"0":"post-495","1":"product","2":"type-product","3":"status-publish","4":"has-post-thumbnail","6":"product_cat-carving-series","8":"first","9":"instock","10":"shipping-taxable","11":"product-type-simple"},"_links":{"self":[{"href":"https:\/\/shienstonedesign.com\/fr\/wp-json\/wp\/v2\/product\/495","targetHints":{"allow":["GET"]}}],"collection":[{"href":"https:\/\/shienstonedesign.com\/fr\/wp-json\/wp\/v2\/product"}],"about":[{"href":"https:\/\/shienstonedesign.com\/fr\/wp-json\/wp\/v2\/types\/product"}],"replies":[{"embeddable":true,"href":"https:\/\/shienstonedesign.com\/fr\/wp-json\/wp\/v2\/comments?post=495"}],"wp:featuredmedia":[{"embeddable":true,"href":"https:\/\/shienstonedesign.com\/fr\/wp-json\/wp\/v2\/media\/496"}],"wp:attachment":[{"href":"https:\/\/shienstonedesign.com\/fr\/wp-json\/wp\/v2\/media?parent=495"}],"wp:term":[{"taxonomy":"product_brand","embeddable":true,"href":"https:\/\/shienstonedesign.com\/fr\/wp-json\/wp\/v2\/product_brand?post=495"},{"taxonomy":"product_cat","embeddable":true,"href":"https:\/\/shienstonedesign.com\/fr\/wp-json\/wp\/v2\/product_cat?post=495"},{"taxonomy":"product_tag","embeddable":true,"href":"https:\/\/shienstonedesign.com\/fr\/wp-json\/wp\/v2\/product_tag?post=495"}],"curies":[{"name":"wp","href":"https:\/\/api.w.org\/{rel}","templated":true}]}}