{"id":485,"date":"2025-06-12T08:21:37","date_gmt":"2025-06-12T08:21:37","guid":{"rendered":"https:\/\/shienstonedesign.com\/?post_type=product&#038;p=485"},"modified":"2025-06-18T07:17:57","modified_gmt":"2025-06-18T07:17:57","slug":"american-flag-monument","status":"publish","type":"product","link":"https:\/\/shienstonedesign.com\/fr\/product\/american-flag-monument\/","title":{"rendered":"Monument du drapeau am\u00e9ricain"},"content":{"rendered":"<p><strong>Sc\u00e8nes principales :<\/strong> Cimeti\u00e8res am\u00e9ricains, lieux de comm\u00e9moration des v\u00e9t\u00e9rans, salles familiales (familles chinoises d&#039;outre-mer). Particuli\u00e8rement adapt\u00e9 aux clients souhaitant allier comm\u00e9moration personnelle et identit\u00e9 nationale, comme les familles de v\u00e9t\u00e9rans et les familles sino-am\u00e9ricaines.<\/p>","protected":false},"excerpt":{"rendered":"<ul>\n<li><strong>Pierre principale :<\/strong> Nous avons s\u00e9lectionn\u00e9 du granit gris nord-am\u00e9ricain (duret\u00e9 Mohs 6-7), \u00e0 la texture rugueuse et granuleuse, qui refl\u00e8te parfaitement l&#039;esprit pionnier de l&#039;Ouest am\u00e9ricain. Le mat\u00e9riau brut est d\u00e9coup\u00e9 CNC en forme d&#039;\u00e9treinte montagneuse pour imiter la texture naturelle de la roche, puis sculpt\u00e9 \u00e0 la main pour accentuer les textures concaves et convexes (diff\u00e9rence de profondeur de 2 \u00e0 5 mm), restituant ainsi l&#039;atmosph\u00e8re originelle de la nature sauvage.<\/li>\n<\/ul>\n<p>&nbsp;<\/p>\n<ul>\n<li><strong>Sculpture du drapeau national :<\/strong> Relief 3D + sculpture d&#039;ombres : les \u00ab\u00a0bandes \u00e9toil\u00e9es\u00a0\u00bb du drapeau sont en relief (hauteur de 1 \u00e0 2\u00a0mm) pour simuler les plis du tissu\u00a0; les \u00ab\u00a0points \u00e9toil\u00e9s\u00a0\u00bb et le \u00ab\u00a0d\u00e9grad\u00e9 du drapeau\u00a0\u00bb sont parsem\u00e9s de sculptures d&#039;ombres (densit\u00e9 de 200\u00a0points\/cm\u00b2) pour illustrer les jeux de lumi\u00e8re et d&#039;ombres du drapeau flottant. Le m\u00e2t est partiellement incrust\u00e9 d&#039;un alliage de bronze (traitement vieilli), cr\u00e9ant un contraste de mati\u00e8re \u00e0 la fois dur et doux avec la pierre.<\/li>\n<\/ul>\n<p>&nbsp;<\/p>\n<ul>\n<li><strong>Traitement de surface :<\/strong> La surface principale du monument est sabl\u00e9e au diamant et \u00e9maill\u00e9e mate pour conserver les particules r\u00e9fl\u00e9chissantes naturelles de la pierre et pr\u00e9venir l&#039;\u00e9rosion due aux pluies acides ; la zone du drapeau national est partiellement grav\u00e9e au laser pour mettre en valeur les d\u00e9tails et garantir que la texture \u00e0 rayures \u00e9toil\u00e9es \u00ab semble puissante de loin et a de la qualit\u00e9 lorsqu&#039;elle est vue de pr\u00e8s \u00bb.<\/li>\n<\/ul>","protected":false},"featured_media":486,"comment_status":"open","ping_status":"closed","template":"","meta":[],"product_brand":[],"product_cat":[23],"product_tag":[],"class_list":{"0":"post-485","1":"product","2":"type-product","3":"status-publish","4":"has-post-thumbnail","6":"product_cat-carving-series","8":"first","9":"instock","10":"shipping-taxable","11":"product-type-simple"},"_links":{"self":[{"href":"https:\/\/shienstonedesign.com\/fr\/wp-json\/wp\/v2\/product\/485","targetHints":{"allow":["GET"]}}],"collection":[{"href":"https:\/\/shienstonedesign.com\/fr\/wp-json\/wp\/v2\/product"}],"about":[{"href":"https:\/\/shienstonedesign.com\/fr\/wp-json\/wp\/v2\/types\/product"}],"replies":[{"embeddable":true,"href":"https:\/\/shienstonedesign.com\/fr\/wp-json\/wp\/v2\/comments?post=485"}],"wp:featuredmedia":[{"embeddable":true,"href":"https:\/\/shienstonedesign.com\/fr\/wp-json\/wp\/v2\/media\/486"}],"wp:attachment":[{"href":"https:\/\/shienstonedesign.com\/fr\/wp-json\/wp\/v2\/media?parent=485"}],"wp:term":[{"taxonomy":"product_brand","embeddable":true,"href":"https:\/\/shienstonedesign.com\/fr\/wp-json\/wp\/v2\/product_brand?post=485"},{"taxonomy":"product_cat","embeddable":true,"href":"https:\/\/shienstonedesign.com\/fr\/wp-json\/wp\/v2\/product_cat?post=485"},{"taxonomy":"product_tag","embeddable":true,"href":"https:\/\/shienstonedesign.com\/fr\/wp-json\/wp\/v2\/product_tag?post=485"}],"curies":[{"name":"wp","href":"https:\/\/api.w.org\/{rel}","templated":true}]}}