{"id":474,"date":"2025-06-12T07:57:52","date_gmt":"2025-06-12T07:57:52","guid":{"rendered":"https:\/\/shienstonedesign.com\/?post_type=product&#038;p=474"},"modified":"2025-06-18T07:17:48","modified_gmt":"2025-06-18T07:17:48","slug":"large-american-monuments-set-3","status":"publish","type":"product","link":"https:\/\/shienstonedesign.com\/fr\/product\/large-american-monuments-set-3\/","title":{"rendered":"Grands monuments am\u00e9ricains \u2013 S\u00e9rie 3"},"content":{"rendered":"<div class=\"auto-hide-last-sibling-br paragraph-Oc488D paragraph-element br-paragraph-space\"><strong>Sc\u00e9narios d&#039;application de base\u00a0:<\/strong><\/div>\n<ul>\n<li style=\"list-style-type: none;\">\n<ul class=\"auto-hide-last-sibling-br\">\n<li><strong>Parc comm\u00e9moratif militaire :<\/strong> En tant que mat\u00e9riel p\u00e9dagogique physique pour \u00ab l\u2019\u00e9ducation \u00e0 l\u2019esprit am\u00e9ricain \u00bb, il transmet au public les sentiments du pays et de la patrie ;<\/li>\n<li><strong>Cimeti\u00e8re des v\u00e9t\u00e9rans :<\/strong> Offrir un \u00ab support d\u2019h\u00e9ritage spirituel \u00bb aux familles des anciens combattants, afin que leurs sacrifices et leurs contributions puissent \u00eatre comm\u00e9mor\u00e9s ;<\/li>\n<li><strong>Base d&#039;\u00e9ducation patriotique :<\/strong> Aide \u00e0 r\u00e9aliser des activit\u00e9s d\u2019\u00e9ducation patriotique immersives \u00e0 travers des symboles s\u00e9rialis\u00e9s.<\/li>\n<\/ul>\n<\/li>\n<\/ul>\n<p>&nbsp;<\/p>","protected":false},"excerpt":{"rendered":"<ul>\n<li class=\"header-OdWb_u auto-hide-last-sibling-br\"><strong>S\u00e9lection et traitement des pierres :<\/strong>Le corps principal est en granit noir haute densit\u00e9 (duret\u00e9 Mohs 7-8), poli en profondeur et nano-\u00e9maill\u00e9 pour une texture miroir. Ce mat\u00e9riau rehausse l&#039;impact visuel et r\u00e9siste aux intemp\u00e9ries et \u00e0 l&#039;\u00e9rosion acide, garantissant ainsi une longue dur\u00e9e de vie. La pierre auxiliaire est en granit gris clair, taill\u00e9e au jet d&#039;eau CNC en contours irr\u00e9guliers pour imiter le relief vallonn\u00e9 des \u00c9tats-Unis. Les bords sont polis manuellement (chanfrein\u00e9s R5-8 mm) pour \u00e9quilibrer la robustesse de la d\u00e9coupe m\u00e9canique et la chaleur du d\u00e9cor comm\u00e9moratif.<\/li>\n<\/ul>\n<p>&nbsp;<\/p>\n<ul>\n<li>\n<div class=\"auto-hide-last-sibling-br paragraph-Oc488D paragraph-element br-paragraph-space\"><strong>En utilisant la technique composite \u00ab sculpture d\u2019ombre + sculpture en relief + sculpture en ligne \u00bb :<\/strong><\/div>\n<ul class=\"auto-hide-last-sibling-br\">\n<li>Les \u00e9l\u00e9ments principaux tels que les personnages et les drapeaux nationaux sont pr\u00e9sent\u00e9s avec une sculpture d&#039;ombre (densit\u00e9 de points 250 points\/cm\u00b2), reproduisant avec pr\u00e9cision les d\u00e9tails et obtenant un \u00ab photor\u00e9alisme \u00bb ;<\/li>\n<li>Les sc\u00e8nes d\u2019arri\u00e8re-plan (telles que les champs de bataille et les maisons) sont empil\u00e9es avec des bas-reliefs (hauteur 1 \u00e0 3 mm) pour cr\u00e9er des couches spatiales\u00a0;<\/li>\n<li>L&#039;inscription du texte adopte la technologie de gravure en ligne pour renforcer le sentiment de solennit\u00e9 et garantir que les informations sont claires et durables.<\/li>\n<\/ul>\n<\/li>\n<\/ul>\n<p>&nbsp;<\/p>\n<ul>\n<li><strong>Montage et installation :<\/strong>Les quatre monuments sont logiquement reli\u00e9s en s\u00e9rie, selon l&#039;h\u00e9ritage spirituel am\u00e9ricain (Patrie \u2192 Famille \u2192 Patriote \u2192 Sacrifice). Ils sont reli\u00e9s \u00e0 leur base par des cadres en acier inoxydable dissimul\u00e9s, permettant une pr\u00e9sentation individuelle et ind\u00e9pendante, ainsi qu&#039;une narration en s\u00e9rie. Ils conviennent \u00e0 divers environnements, tels que les parcs comm\u00e9moratifs militaires et les cimeti\u00e8res d&#039;anciens combattants. Leur positionnement laser est calibr\u00e9 lors de l&#039;installation afin de garantir l&#039;unit\u00e9 du r\u00e9cit visuel et spirituel global.<\/li>\n<\/ul>","protected":false},"featured_media":476,"comment_status":"open","ping_status":"closed","template":"","meta":[],"product_brand":[],"product_cat":[23],"product_tag":[],"class_list":{"0":"post-474","1":"product","2":"type-product","3":"status-publish","4":"has-post-thumbnail","6":"product_cat-carving-series","8":"first","9":"instock","10":"shipping-taxable","11":"product-type-simple"},"_links":{"self":[{"href":"https:\/\/shienstonedesign.com\/fr\/wp-json\/wp\/v2\/product\/474","targetHints":{"allow":["GET"]}}],"collection":[{"href":"https:\/\/shienstonedesign.com\/fr\/wp-json\/wp\/v2\/product"}],"about":[{"href":"https:\/\/shienstonedesign.com\/fr\/wp-json\/wp\/v2\/types\/product"}],"replies":[{"embeddable":true,"href":"https:\/\/shienstonedesign.com\/fr\/wp-json\/wp\/v2\/comments?post=474"}],"wp:featuredmedia":[{"embeddable":true,"href":"https:\/\/shienstonedesign.com\/fr\/wp-json\/wp\/v2\/media\/476"}],"wp:attachment":[{"href":"https:\/\/shienstonedesign.com\/fr\/wp-json\/wp\/v2\/media?parent=474"}],"wp:term":[{"taxonomy":"product_brand","embeddable":true,"href":"https:\/\/shienstonedesign.com\/fr\/wp-json\/wp\/v2\/product_brand?post=474"},{"taxonomy":"product_cat","embeddable":true,"href":"https:\/\/shienstonedesign.com\/fr\/wp-json\/wp\/v2\/product_cat?post=474"},{"taxonomy":"product_tag","embeddable":true,"href":"https:\/\/shienstonedesign.com\/fr\/wp-json\/wp\/v2\/product_tag?post=474"}],"curies":[{"name":"wp","href":"https:\/\/api.w.org\/{rel}","templated":true}]}}