{"id":449,"date":"2025-06-12T06:49:22","date_gmt":"2025-06-12T06:49:22","guid":{"rendered":"https:\/\/shienstonedesign.com\/?post_type=product&#038;p=449"},"modified":"2025-06-18T07:14:46","modified_gmt":"2025-06-18T07:14:46","slug":"large-american-monuments-set-1","status":"publish","type":"product","link":"https:\/\/shienstonedesign.com\/fr\/product\/large-american-monuments-set-1\/","title":{"rendered":"Grands monuments am\u00e9ricains \u2013 S\u00e9rie 1"},"content":{"rendered":"<p><strong>Sc\u00e8nes principales :<\/strong> Parcs comm\u00e9moratifs militaires, cimeti\u00e8res d&#039;anciens combattants, centres d&#039;\u00e9ducation patriotique. Particuli\u00e8rement adapt\u00e9 aux institutions et aux familles qui souhaitent mettre en valeur syst\u00e9matiquement le patrimoine spirituel am\u00e9ricain. Contrairement aux monuments isol\u00e9s classiques, plus discrets, celui-ci est plus adapt\u00e9 aux besoins des r\u00e9cits comm\u00e9moratifs \u00e0 grande \u00e9chelle.<\/p>\n<p>&nbsp;<\/p>\n<p>&nbsp;<\/p>","protected":false},"excerpt":{"rendered":"<ul>\n<li><strong>Pierre principale :<\/strong> Nous utilisons du granit noir poli (duret\u00e9 Mohs 7-8). Sa structure dense et naturelle convient parfaitement aux sc\u00e8nes comm\u00e9moratives ext\u00e9rieures. Il est d\u00e9coup\u00e9 au jet d&#039;eau CNC en \u00ab\u00a0contours g\u00e9om\u00e9triques irr\u00e9guliers\u00a0\u00bb pour simuler les ondulations et la tension du relief am\u00e9ricain. Les bords sont polis \u00e0 la main (chanfrein R5-8\u00a0mm) pour compenser la robustesse de la d\u00e9coupe m\u00e9canique.<\/li>\n<\/ul>\n<p>&nbsp;<\/p>\n<ul>\n<li><strong>Th\u00e8me de sculpture :<\/strong> en utilisant la technologie de sculpture d&#039;ombre + composite en relief :\n<ul class=\"auto-hide-last-sibling-br\">\n<li>Les d\u00e9tails des personnages, des drapeaux, etc. sont parsem\u00e9s de sculptures d&#039;ombres (densit\u00e9 250 points\/cm\u00b2), pr\u00e9sentant une \u00ab pr\u00e9cision r\u00e9aliste de niveau photo \u00bb ;<\/li>\n<li>Le drapeau national, la montagne et d\u2019autres grandes surfaces sont empil\u00e9s avec un relief peu profond (hauteur de 1 \u00e0 3 mm) pour renforcer le \u00ab niveau narratif tridimensionnel \u00bb ;<\/li>\n<li>La surface est trait\u00e9e avec un nano-antifouling pour r\u00e9sister \u00e0 l&#039;\u00e9rosion par la poussi\u00e8re industrielle et les pluies acides, garantissant des images claires \u00e0 long terme.<\/li>\n<\/ul>\n<\/li>\n<\/ul>\n<p>&nbsp;<\/p>\n<ul>\n<li><strong>Technologie combin\u00e9e :<\/strong> Les quatre monuments sont logiquement connect\u00e9s en s\u00e9rie selon le \u00ab contexte spirituel am\u00e9ricain \u00bb (Patrie\u2192Famille\u2192Patriote\u2192Sacrifice), et le fond est reli\u00e9 \u00e0 des cadres dissimul\u00e9s en acier inoxydable, ce qui assure non seulement la flexibilit\u00e9 de l&#039;affichage ind\u00e9pendant, mais peut \u00e9galement \u00eatre combin\u00e9 dans une \u00ab s\u00e9quence narrative \u00bb pour s&#039;adapter aux besoins d&#039;une exposition multi-sc\u00e8nes.<\/li>\n<\/ul>","protected":false},"featured_media":450,"comment_status":"open","ping_status":"closed","template":"","meta":[],"product_brand":[],"product_cat":[23],"product_tag":[],"class_list":{"0":"post-449","1":"product","2":"type-product","3":"status-publish","4":"has-post-thumbnail","6":"product_cat-carving-series","8":"first","9":"instock","10":"shipping-taxable","11":"product-type-simple"},"_links":{"self":[{"href":"https:\/\/shienstonedesign.com\/fr\/wp-json\/wp\/v2\/product\/449","targetHints":{"allow":["GET"]}}],"collection":[{"href":"https:\/\/shienstonedesign.com\/fr\/wp-json\/wp\/v2\/product"}],"about":[{"href":"https:\/\/shienstonedesign.com\/fr\/wp-json\/wp\/v2\/types\/product"}],"replies":[{"embeddable":true,"href":"https:\/\/shienstonedesign.com\/fr\/wp-json\/wp\/v2\/comments?post=449"}],"wp:featuredmedia":[{"embeddable":true,"href":"https:\/\/shienstonedesign.com\/fr\/wp-json\/wp\/v2\/media\/450"}],"wp:attachment":[{"href":"https:\/\/shienstonedesign.com\/fr\/wp-json\/wp\/v2\/media?parent=449"}],"wp:term":[{"taxonomy":"product_brand","embeddable":true,"href":"https:\/\/shienstonedesign.com\/fr\/wp-json\/wp\/v2\/product_brand?post=449"},{"taxonomy":"product_cat","embeddable":true,"href":"https:\/\/shienstonedesign.com\/fr\/wp-json\/wp\/v2\/product_cat?post=449"},{"taxonomy":"product_tag","embeddable":true,"href":"https:\/\/shienstonedesign.com\/fr\/wp-json\/wp\/v2\/product_tag?post=449"}],"curies":[{"name":"wp","href":"https:\/\/api.w.org\/{rel}","templated":true}]}}