{"id":445,"date":"2025-06-12T06:30:09","date_gmt":"2025-06-12T06:30:09","guid":{"rendered":"https:\/\/shienstonedesign.com\/?post_type=product&#038;p=445"},"modified":"2025-06-18T07:14:24","modified_gmt":"2025-06-18T07:14:24","slug":"eiffel-tower-monument","status":"publish","type":"product","link":"https:\/\/shienstonedesign.com\/fr\/product\/eiffel-tower-monument\/","title":{"rendered":"Monument de la Tour Eiffel"},"content":{"rendered":"<p><strong>Sc\u00e9narios de base :<\/strong> Cimeti\u00e8res urbains, parcs comm\u00e9moratifs artistiques, cimeti\u00e8res familiaux chinois d&#039;outre-mer (particuli\u00e8rement adapt\u00e9s aux clients ayant une perspective internationale et recherchant des monuments comm\u00e9moratifs personnalis\u00e9s). Contrairement aux pierres tombales traditionnelles, caract\u00e9ris\u00e9es par leur solennit\u00e9 et leur simplicit\u00e9, celle-ci convient mieux aux familles qui souhaitent que leurs pierres tombales associent sens artistique et valeur symbolique culturelle.<\/p>","protected":false},"excerpt":{"rendered":"<ul class=\"auto-hide-last-sibling-br\">\n<li><strong>Pierre principale :<\/strong> Nous avons choisi un granit gris color\u00e9 (duret\u00e9 Mohs 6-8), dont la texture naturelle pr\u00e9sente un effet progressif de \u00ab\u00a0montagnes superpos\u00e9es\u00a0\u00bb, rappelant le paysage urbain de la \u00ab\u00a0jungle d&#039;acier\u00a0\u00bb de la tour Eiffel. Le mat\u00e9riau brut est d\u00e9coup\u00e9 par usinage CNC \u00e0 cinq axes pour assurer une fusion naturelle de la surface courbe du monument et de la texture de la pierre. Les bords sont polis \u00e0 la main (rayon R3-5\u00a0mm) pour att\u00e9nuer l&#039;effet m\u00e9canique.<\/li>\n<\/ul>\n<p>&nbsp;<\/p>\n<ul class=\"auto-hide-last-sibling-br\">\n<li><strong>Sculpture de la tour :<\/strong> Fabriqu\u00e9 en granit noir du Shanxi (brillance 85 \u2013 90), il subit une num\u00e9risation 3D laser + un raffinement manuel : d&#039;abord, un mod\u00e8le r\u00e9duit \u00e0 l&#039;\u00e9chelle 1:500 de la Tour Eiffel est reproduit, puis des d\u00e9tails industriels tels que les \u00ab rivets, soudures \u00bb sont sculpt\u00e9s \u00e0 la main (hauteur de saillie 0,5 \u2013 1 mm), et la surface est polie miroir + nano-\u00e9maill\u00e9e pour pr\u00e9senter une texture \u00ab noir piano \u00bb, simulant le lustre froid de l&#039;acier.<\/li>\n<\/ul>\n<p>&nbsp;<\/p>\n<ul class=\"auto-hide-last-sibling-br\">\n<li><strong>Processus d&#039;\u00e9pissage :<\/strong> Le monument principal et la tour de fer sont assembl\u00e9s avec des joints \u00e0 tenon cach\u00e9s (diam\u00e8tre du tenon \u03c610 - 12 mm), et le fond est rempli de mastic \u00e9lastique, qui non seulement assure la stabilit\u00e9 de la structure, mais permet \u00e9galement la dilatation et la contraction thermiques pour s&#039;adapter \u00e0 la diff\u00e9rence de temp\u00e9rature de l&#039;environnement ext\u00e9rieur.<\/li>\n<\/ul>","protected":false},"featured_media":446,"comment_status":"open","ping_status":"closed","template":"","meta":[],"product_brand":[],"product_cat":[23],"product_tag":[],"class_list":{"0":"post-445","1":"product","2":"type-product","3":"status-publish","4":"has-post-thumbnail","6":"product_cat-carving-series","8":"first","9":"instock","10":"shipping-taxable","11":"product-type-simple"},"_links":{"self":[{"href":"https:\/\/shienstonedesign.com\/fr\/wp-json\/wp\/v2\/product\/445","targetHints":{"allow":["GET"]}}],"collection":[{"href":"https:\/\/shienstonedesign.com\/fr\/wp-json\/wp\/v2\/product"}],"about":[{"href":"https:\/\/shienstonedesign.com\/fr\/wp-json\/wp\/v2\/types\/product"}],"replies":[{"embeddable":true,"href":"https:\/\/shienstonedesign.com\/fr\/wp-json\/wp\/v2\/comments?post=445"}],"wp:featuredmedia":[{"embeddable":true,"href":"https:\/\/shienstonedesign.com\/fr\/wp-json\/wp\/v2\/media\/446"}],"wp:attachment":[{"href":"https:\/\/shienstonedesign.com\/fr\/wp-json\/wp\/v2\/media?parent=445"}],"wp:term":[{"taxonomy":"product_brand","embeddable":true,"href":"https:\/\/shienstonedesign.com\/fr\/wp-json\/wp\/v2\/product_brand?post=445"},{"taxonomy":"product_cat","embeddable":true,"href":"https:\/\/shienstonedesign.com\/fr\/wp-json\/wp\/v2\/product_cat?post=445"},{"taxonomy":"product_tag","embeddable":true,"href":"https:\/\/shienstonedesign.com\/fr\/wp-json\/wp\/v2\/product_tag?post=445"}],"curies":[{"name":"wp","href":"https:\/\/api.w.org\/{rel}","templated":true}]}}